{"id":10370,"date":"2025-12-14T19:04:12","date_gmt":"2025-12-14T18:04:12","guid":{"rendered":"https:\/\/be-roll.hu\/?page_id=10370"},"modified":"2026-02-25T15:16:06","modified_gmt":"2026-02-25T14:16:06","slug":"hostesseink","status":"publish","type":"page","link":"https:\/\/be-roll.hu\/en\/hostesseink\/","title":{"rendered":"Hostesseink"},"content":{"rendered":"<div data-elementor-type=\"wp-page\" data-elementor-id=\"10370\" class=\"elementor elementor-10370\" data-elementor-post-type=\"page\">\n\t\t\t\t<div class=\"elementor-element elementor-element-aca91c3 e-flex e-con-boxed e-con e-parent\" data-id=\"aca91c3\" data-element_type=\"container\" data-e-type=\"container\">\n\t\t\t\t\t<div class=\"e-con-inner\">\n\t\t\t\t<div class=\"elementor-element elementor-element-ef17b2c uael-img-grid__column-2 uael-img-caption-valign-middle uael-img-grid-tablet__column-3 uael-img-grid-mobile__column-2 uael-ins-normal elementor-widget elementor-widget-uael-image-gallery\" data-id=\"ef17b2c\" data-element_type=\"widget\" data-e-type=\"widget\" data-settings=\"{&quot;gallery_columns&quot;:&quot;2&quot;,&quot;column_gap&quot;:{&quot;unit&quot;:&quot;px&quot;,&quot;size&quot;:15,&quot;sizes&quot;:[]},&quot;row_gap&quot;:{&quot;unit&quot;:&quot;px&quot;,&quot;size&quot;:15,&quot;sizes&quot;:[]},&quot;gallery_columns_tablet&quot;:&quot;3&quot;,&quot;gallery_columns_mobile&quot;:&quot;2&quot;,&quot;column_gap_tablet&quot;:{&quot;unit&quot;:&quot;px&quot;,&quot;size&quot;:&quot;&quot;,&quot;sizes&quot;:[]},&quot;column_gap_mobile&quot;:{&quot;unit&quot;:&quot;px&quot;,&quot;size&quot;:&quot;&quot;,&quot;sizes&quot;:[]},&quot;row_gap_tablet&quot;:{&quot;unit&quot;:&quot;px&quot;,&quot;size&quot;:&quot;&quot;,&quot;sizes&quot;:[]},&quot;row_gap_mobile&quot;:{&quot;unit&quot;:&quot;px&quot;,&quot;size&quot;:&quot;&quot;,&quot;sizes&quot;:[]},&quot;caption_padding&quot;:{&quot;unit&quot;:&quot;px&quot;,&quot;top&quot;:&quot;&quot;,&quot;right&quot;:&quot;&quot;,&quot;bottom&quot;:&quot;&quot;,&quot;left&quot;:&quot;&quot;,&quot;isLinked&quot;:true},&quot;caption_padding_tablet&quot;:{&quot;unit&quot;:&quot;px&quot;,&quot;top&quot;:&quot;&quot;,&quot;right&quot;:&quot;&quot;,&quot;bottom&quot;:&quot;&quot;,&quot;left&quot;:&quot;&quot;,&quot;isLinked&quot;:true},&quot;caption_padding_mobile&quot;:{&quot;unit&quot;:&quot;px&quot;,&quot;top&quot;:&quot;&quot;,&quot;right&quot;:&quot;&quot;,&quot;bottom&quot;:&quot;&quot;,&quot;left&quot;:&quot;&quot;,&quot;isLinked&quot;:true}}\" data-widget_type=\"uael-image-gallery.default\">\n\t\t\t\t\t\t<div class=\"elementor-widget-container\">\n\t\t\t\t\t<div class=\"uael-gallery-parent uael-caption-on-image uael-gallery-unjustified\"><div class=\"uael-img-gallery-wrap uael-img-masonry-wrap uael-img-grid-masonry-wrap uael-masonry\" data-filter-default=\"All\"><div class=\"uael-grid-item  uael-img-gallery-item-1\"><div class=\"uael-grid-item-content\"><a class=\"uael-grid-img uael-grid-gallery-img uael-ins-hover elementor-clickable\" target=\"_self\" href=\"\/en\/lili-hostess\/\" data-elementor-open-lightbox=\"no\"><div class=\"uael-grid-img-thumbnail uael-ins-target\"><img fetchpriority=\"high\" decoding=\"async\" width=\"667\" height=\"1000\" src=\"https:\/\/be-roll.hu\/wp-content\/uploads\/2026\/02\/be-roll-hostess-lili-gyujto-000-667x1000.webp\" class=\"attachment-medium size-medium wp-image-13251\" alt=\"Lili\" srcset=\"https:\/\/be-roll.hu\/wp-content\/uploads\/2026\/02\/be-roll-hostess-lili-gyujto-000-667x1000.webp 667w, https:\/\/be-roll.hu\/wp-content\/uploads\/2026\/02\/be-roll-hostess-lili-gyujto-000-768x1152.webp 768w, https:\/\/be-roll.hu\/wp-content\/uploads\/2026\/02\/be-roll-hostess-lili-gyujto-000.webp 1000w\" sizes=\"(max-width: 667px) 100vw, 667px\" \/><figcaption class=\"uael-grid-img-content\"><div class=\"uael-grid-img-caption\"><h4 class=\"uael-grid-caption-text\">Lili<\/h4><\/div><\/figcaption><\/div><div class=\"uael-grid-img-overlay\"><\/div><\/a><\/div><\/div><div class=\"uael-grid-item  uael-img-gallery-item-2\"><div class=\"uael-grid-item-content\"><a class=\"uael-grid-img uael-grid-gallery-img uael-ins-hover elementor-clickable\" target=\"_self\" href=\"\/en\/kitti-hostess\/\" data-elementor-open-lightbox=\"no\"><div class=\"uael-grid-img-thumbnail uael-ins-target\"><img decoding=\"async\" width=\"667\" height=\"1000\" src=\"https:\/\/be-roll.hu\/wp-content\/uploads\/2026\/01\/be-roll-hostess-kitti-gyujto-667x1000.webp\" class=\"attachment-medium size-medium wp-image-11637\" alt=\"Kitti\" srcset=\"https:\/\/be-roll.hu\/wp-content\/uploads\/2026\/01\/be-roll-hostess-kitti-gyujto-667x1000.webp 667w, https:\/\/be-roll.hu\/wp-content\/uploads\/2026\/01\/be-roll-hostess-kitti-gyujto-768x1152.webp 768w, https:\/\/be-roll.hu\/wp-content\/uploads\/2026\/01\/be-roll-hostess-kitti-gyujto.webp 1000w\" sizes=\"(max-width: 667px) 100vw, 667px\" \/><figcaption class=\"uael-grid-img-content\"><div class=\"uael-grid-img-caption\"><h4 class=\"uael-grid-caption-text\">Kitti<\/h4><\/div><\/figcaption><\/div><div class=\"uael-grid-img-overlay\"><\/div><\/a><\/div><\/div><div class=\"uael-grid-item  uael-img-gallery-item-3\"><div class=\"uael-grid-item-content\"><a class=\"uael-grid-img uael-grid-gallery-img uael-ins-hover elementor-clickable\" target=\"_self\" href=\"\/en\/helga-hostess\/\" data-elementor-open-lightbox=\"no\"><div class=\"uael-grid-img-thumbnail uael-ins-target\"><img decoding=\"async\" width=\"667\" height=\"1000\" src=\"https:\/\/be-roll.hu\/wp-content\/uploads\/2026\/01\/be-roll-hostess-helga-gyujto-667x1000.webp\" class=\"attachment-medium size-medium wp-image-11636\" alt=\"Helga\" srcset=\"https:\/\/be-roll.hu\/wp-content\/uploads\/2026\/01\/be-roll-hostess-helga-gyujto-667x1000.webp 667w, https:\/\/be-roll.hu\/wp-content\/uploads\/2026\/01\/be-roll-hostess-helga-gyujto-768x1152.webp 768w, https:\/\/be-roll.hu\/wp-content\/uploads\/2026\/01\/be-roll-hostess-helga-gyujto.webp 1000w\" sizes=\"(max-width: 667px) 100vw, 667px\" \/><figcaption class=\"uael-grid-img-content\"><div class=\"uael-grid-img-caption\"><h4 class=\"uael-grid-caption-text\">Helga<\/h4><\/div><\/figcaption><\/div><div class=\"uael-grid-img-overlay\"><\/div><\/a><\/div><\/div><div class=\"uael-grid-item  uael-img-gallery-item-4\"><div class=\"uael-grid-item-content\"><a class=\"uael-grid-img uael-grid-gallery-img uael-ins-hover elementor-clickable\" target=\"_self\" href=\"\/en\/ajsa-hostess\/\" data-elementor-open-lightbox=\"no\"><div class=\"uael-grid-img-thumbnail uael-ins-target\"><img loading=\"lazy\" decoding=\"async\" width=\"667\" height=\"1000\" src=\"https:\/\/be-roll.hu\/wp-content\/uploads\/2026\/01\/be-roll-hostess-ajsa-gyujto-667x1000.webp\" class=\"attachment-medium size-medium wp-image-11633\" alt=\"Ajsa\" srcset=\"https:\/\/be-roll.hu\/wp-content\/uploads\/2026\/01\/be-roll-hostess-ajsa-gyujto-667x1000.webp 667w, https:\/\/be-roll.hu\/wp-content\/uploads\/2026\/01\/be-roll-hostess-ajsa-gyujto-768x1152.webp 768w, https:\/\/be-roll.hu\/wp-content\/uploads\/2026\/01\/be-roll-hostess-ajsa-gyujto.webp 1000w\" sizes=\"(max-width: 667px) 100vw, 667px\" \/><figcaption class=\"uael-grid-img-content\"><div class=\"uael-grid-img-caption\"><h4 class=\"uael-grid-caption-text\">Ajsa<\/h4><\/div><\/figcaption><\/div><div class=\"uael-grid-img-overlay\"><\/div><\/a><\/div><\/div><div class=\"uael-grid-item  uael-img-gallery-item-5\"><div class=\"uael-grid-item-content\"><a class=\"uael-grid-img uael-grid-gallery-img uael-ins-hover elementor-clickable\" target=\"_self\" href=\"\/en\/panna-hostess\/\" data-elementor-open-lightbox=\"no\"><div class=\"uael-grid-img-thumbnail uael-ins-target\"><img loading=\"lazy\" decoding=\"async\" width=\"667\" height=\"1000\" src=\"https:\/\/be-roll.hu\/wp-content\/uploads\/2026\/01\/be-roll-hostess-panna-gyujto-667x1000.webp\" class=\"attachment-medium size-medium wp-image-11639\" alt=\"Panna\" srcset=\"https:\/\/be-roll.hu\/wp-content\/uploads\/2026\/01\/be-roll-hostess-panna-gyujto-667x1000.webp 667w, https:\/\/be-roll.hu\/wp-content\/uploads\/2026\/01\/be-roll-hostess-panna-gyujto-768x1152.webp 768w, https:\/\/be-roll.hu\/wp-content\/uploads\/2026\/01\/be-roll-hostess-panna-gyujto.webp 1000w\" sizes=\"(max-width: 667px) 100vw, 667px\" \/><figcaption class=\"uael-grid-img-content\"><div class=\"uael-grid-img-caption\"><h4 class=\"uael-grid-caption-text\">Panna<\/h4><\/div><\/figcaption><\/div><div class=\"uael-grid-img-overlay\"><\/div><\/a><\/div><\/div><div class=\"uael-grid-item  uael-img-gallery-item-6\"><div class=\"uael-grid-item-content\"><a class=\"uael-grid-img uael-grid-gallery-img uael-ins-hover elementor-clickable\" target=\"_self\" href=\"\/en\/tamara-hostess\/\" data-elementor-open-lightbox=\"no\"><div class=\"uael-grid-img-thumbnail uael-ins-target\"><img loading=\"lazy\" decoding=\"async\" width=\"667\" height=\"1000\" src=\"https:\/\/be-roll.hu\/wp-content\/uploads\/2026\/01\/be-roll-hostess-tamara-gyujto-667x1000.webp\" class=\"attachment-medium size-medium wp-image-11641\" alt=\"Tamara\" srcset=\"https:\/\/be-roll.hu\/wp-content\/uploads\/2026\/01\/be-roll-hostess-tamara-gyujto-667x1000.webp 667w, https:\/\/be-roll.hu\/wp-content\/uploads\/2026\/01\/be-roll-hostess-tamara-gyujto-768x1152.webp 768w, https:\/\/be-roll.hu\/wp-content\/uploads\/2026\/01\/be-roll-hostess-tamara-gyujto.webp 1000w\" sizes=\"(max-width: 667px) 100vw, 667px\" \/><figcaption class=\"uael-grid-img-content\"><div class=\"uael-grid-img-caption\"><h4 class=\"uael-grid-caption-text\">Tamara<\/h4><\/div><\/figcaption><\/div><div class=\"uael-grid-img-overlay\"><\/div><\/a><\/div><\/div><div class=\"uael-grid-item  uael-img-gallery-item-7\"><div class=\"uael-grid-item-content\"><a class=\"uael-grid-img uael-grid-gallery-img uael-ins-hover elementor-clickable\" target=\"_self\" href=\"\/en\/rita-hostess\/\" data-elementor-open-lightbox=\"no\"><div class=\"uael-grid-img-thumbnail uael-ins-target\"><img loading=\"lazy\" decoding=\"async\" width=\"667\" height=\"1000\" src=\"https:\/\/be-roll.hu\/wp-content\/uploads\/2026\/01\/be-roll-hostess-rita-gyujto-667x1000.webp\" class=\"attachment-medium size-medium wp-image-11640\" alt=\"Rita\" srcset=\"https:\/\/be-roll.hu\/wp-content\/uploads\/2026\/01\/be-roll-hostess-rita-gyujto-667x1000.webp 667w, https:\/\/be-roll.hu\/wp-content\/uploads\/2026\/01\/be-roll-hostess-rita-gyujto-768x1151.webp 768w, https:\/\/be-roll.hu\/wp-content\/uploads\/2026\/01\/be-roll-hostess-rita-gyujto.webp 1000w\" sizes=\"(max-width: 667px) 100vw, 667px\" \/><figcaption class=\"uael-grid-img-content\"><div class=\"uael-grid-img-caption\"><h4 class=\"uael-grid-caption-text\">Rita<\/h4><\/div><\/figcaption><\/div><div class=\"uael-grid-img-overlay\"><\/div><\/a><\/div><\/div><div class=\"uael-grid-item  uael-img-gallery-item-8\"><div class=\"uael-grid-item-content\"><a class=\"uael-grid-img uael-grid-gallery-img uael-ins-hover elementor-clickable\" target=\"_self\" href=\"\/en\/viktoria-hostess\/\" data-elementor-open-lightbox=\"no\"><div class=\"uael-grid-img-thumbnail uael-ins-target\"><img loading=\"lazy\" decoding=\"async\" width=\"667\" height=\"1000\" src=\"https:\/\/be-roll.hu\/wp-content\/uploads\/2026\/02\/be-roll-hostess-viktoria-gyujto-667x1000.webp\" class=\"attachment-medium size-medium wp-image-12921\" alt=\"Victoria\" srcset=\"https:\/\/be-roll.hu\/wp-content\/uploads\/2026\/02\/be-roll-hostess-viktoria-gyujto-667x1000.webp 667w, https:\/\/be-roll.hu\/wp-content\/uploads\/2026\/02\/be-roll-hostess-viktoria-gyujto-768x1152.webp 768w, https:\/\/be-roll.hu\/wp-content\/uploads\/2026\/02\/be-roll-hostess-viktoria-gyujto.webp 1000w\" sizes=\"(max-width: 667px) 100vw, 667px\" \/><figcaption class=\"uael-grid-img-content\"><div class=\"uael-grid-img-caption\"><h4 class=\"uael-grid-caption-text\">Victoria<\/h4><\/div><\/figcaption><\/div><div class=\"uael-grid-img-overlay\"><\/div><\/a><\/div><\/div><div class=\"uael-grid-item  uael-img-gallery-item-9\"><div class=\"uael-grid-item-content\"><a class=\"uael-grid-img uael-grid-gallery-img uael-ins-hover elementor-clickable\" target=\"_self\" href=\"\/en\/bodza-hostess\/\" data-elementor-open-lightbox=\"no\"><div class=\"uael-grid-img-thumbnail uael-ins-target\"><img loading=\"lazy\" decoding=\"async\" width=\"667\" height=\"1000\" src=\"https:\/\/be-roll.hu\/wp-content\/uploads\/2026\/01\/be-roll-hostess-bodza-gyujto-667x1000.webp\" class=\"attachment-medium size-medium wp-image-11634\" alt=\"Bodza\" srcset=\"https:\/\/be-roll.hu\/wp-content\/uploads\/2026\/01\/be-roll-hostess-bodza-gyujto-667x1000.webp 667w, https:\/\/be-roll.hu\/wp-content\/uploads\/2026\/01\/be-roll-hostess-bodza-gyujto-768x1152.webp 768w, https:\/\/be-roll.hu\/wp-content\/uploads\/2026\/01\/be-roll-hostess-bodza-gyujto.webp 1000w\" sizes=\"(max-width: 667px) 100vw, 667px\" \/><figcaption class=\"uael-grid-img-content\"><div class=\"uael-grid-img-caption\"><h4 class=\"uael-grid-caption-text\">Bodza<\/h4><\/div><\/figcaption><\/div><div class=\"uael-grid-img-overlay\"><\/div><\/a><\/div><\/div><div class=\"uael-grid-item  uael-img-gallery-item-10\"><div class=\"uael-grid-item-content\"><a class=\"uael-grid-img uael-grid-gallery-img uael-ins-hover elementor-clickable\" target=\"_self\" href=\"\/en\/fruzsina-hostess\/\" data-elementor-open-lightbox=\"no\"><div class=\"uael-grid-img-thumbnail uael-ins-target\"><img loading=\"lazy\" decoding=\"async\" width=\"667\" height=\"1000\" src=\"https:\/\/be-roll.hu\/wp-content\/uploads\/2026\/01\/be-roll-hostess-fruzsina-gyujto-667x1000.webp\" class=\"attachment-medium size-medium wp-image-11635\" alt=\"Fruzsina\" srcset=\"https:\/\/be-roll.hu\/wp-content\/uploads\/2026\/01\/be-roll-hostess-fruzsina-gyujto-667x1000.webp 667w, https:\/\/be-roll.hu\/wp-content\/uploads\/2026\/01\/be-roll-hostess-fruzsina-gyujto-768x1152.webp 768w, https:\/\/be-roll.hu\/wp-content\/uploads\/2026\/01\/be-roll-hostess-fruzsina-gyujto.webp 1000w\" sizes=\"(max-width: 667px) 100vw, 667px\" \/><figcaption class=\"uael-grid-img-content\"><div class=\"uael-grid-img-caption\"><h4 class=\"uael-grid-caption-text\">Fruzsina<\/h4><\/div><\/figcaption><\/div><div class=\"uael-grid-img-overlay\"><\/div><\/a><\/div><\/div><div class=\"uael-grid-item  uael-img-gallery-item-11\"><div class=\"uael-grid-item-content\"><a class=\"uael-grid-img uael-grid-gallery-img uael-ins-hover elementor-clickable\" target=\"_self\" href=\"\/en\/nina-hostess\/\" data-elementor-open-lightbox=\"no\"><div class=\"uael-grid-img-thumbnail uael-ins-target\"><img loading=\"lazy\" decoding=\"async\" width=\"667\" height=\"1000\" src=\"https:\/\/be-roll.hu\/wp-content\/uploads\/2026\/01\/be-roll-hostess-nina-gyujto-667x1000.webp\" class=\"attachment-medium size-medium wp-image-11638\" alt=\"Nina\" srcset=\"https:\/\/be-roll.hu\/wp-content\/uploads\/2026\/01\/be-roll-hostess-nina-gyujto-667x1000.webp 667w, https:\/\/be-roll.hu\/wp-content\/uploads\/2026\/01\/be-roll-hostess-nina-gyujto-768x1152.webp 768w, https:\/\/be-roll.hu\/wp-content\/uploads\/2026\/01\/be-roll-hostess-nina-gyujto.webp 1000w\" sizes=\"(max-width: 667px) 100vw, 667px\" \/><figcaption class=\"uael-grid-img-content\"><div class=\"uael-grid-img-caption\"><h4 class=\"uael-grid-caption-text\">Nina<\/h4><\/div><\/figcaption><\/div><div class=\"uael-grid-img-overlay\"><\/div><\/a><\/div><\/div><div class=\"uael-grid-item  uael-img-gallery-item-12\"><div class=\"uael-grid-item-content\"><a class=\"uael-grid-img uael-grid-gallery-img uael-ins-hover elementor-clickable\" target=\"_self\" href=\"\/en\/virag-hostess\/\" data-elementor-open-lightbox=\"no\"><div class=\"uael-grid-img-thumbnail uael-ins-target\"><img loading=\"lazy\" decoding=\"async\" width=\"667\" height=\"1000\" src=\"https:\/\/be-roll.hu\/wp-content\/uploads\/2026\/01\/be-roll-hostess-virag-gyujto-667x1000.webp\" class=\"attachment-medium size-medium wp-image-11642\" alt=\"Vir\u00e1g\" srcset=\"https:\/\/be-roll.hu\/wp-content\/uploads\/2026\/01\/be-roll-hostess-virag-gyujto-667x1000.webp 667w, https:\/\/be-roll.hu\/wp-content\/uploads\/2026\/01\/be-roll-hostess-virag-gyujto-768x1152.webp 768w, https:\/\/be-roll.hu\/wp-content\/uploads\/2026\/01\/be-roll-hostess-virag-gyujto.webp 1000w\" sizes=\"(max-width: 667px) 100vw, 667px\" \/><figcaption class=\"uael-grid-img-content\"><div class=\"uael-grid-img-caption\"><h4 class=\"uael-grid-caption-text\">Vir\u00e1g<\/h4><\/div><\/figcaption><\/div><div class=\"uael-grid-img-overlay\"><\/div><\/a><\/div><\/div><\/div><\/div>\t\t\t\t<\/div>\n\t\t\t\t<\/div>\n\t\t\t\t\t<\/div>\n\t\t\t\t<\/div>\n\t\t<div class=\"elementor-element elementor-element-3400e05 e-flex e-con-boxed e-con e-parent\" data-id=\"3400e05\" data-element_type=\"container\" data-e-type=\"container\">\n\t\t\t\t\t<div class=\"e-con-inner\">\n\t\t\t\t<div class=\"elementor-element elementor-element-5d66dbd elementor-widget elementor-widget-spacer\" data-id=\"5d66dbd\" data-element_type=\"widget\" data-e-type=\"widget\" data-widget_type=\"spacer.default\">\n\t\t\t\t\t\t<div class=\"elementor-widget-container\">\n\t\t\t\t\t\t\t<div class=\"elementor-spacer\">\n\t\t\t<div class=\"elementor-spacer-inner\"><\/div>\n\t\t<\/div>\n\t\t\t\t\t\t<\/div>\n\t\t\t\t<\/div>\n\t\t\t\t\t<\/div>\n\t\t\t\t<\/div>\n\t\t<div class=\"elementor-element elementor-element-e1fc1bd e-flex e-con-boxed e-con e-parent\" data-id=\"e1fc1bd\" data-element_type=\"container\" data-e-type=\"container\">\n\t\t\t\t\t<div class=\"e-con-inner\">\n\t\t\t\t<div class=\"elementor-element elementor-element-45073af elementor-align-center elementor-widget elementor-widget-button\" data-id=\"45073af\" data-element_type=\"widget\" data-e-type=\"widget\" data-widget_type=\"button.default\">\n\t\t\t\t\t\t<div class=\"elementor-widget-container\">\n\t\t\t\t\t\t\t\t\t<div class=\"elementor-button-wrapper\">\n\t\t\t\t\t<a class=\"elementor-button elementor-button-link elementor-size-sm\" href=\"#ajanlatot_kerek\">\n\t\t\t\t\t\t<span class=\"elementor-button-content-wrapper\">\n\t\t\t\t\t\t\t\t\t<span class=\"elementor-button-text\">I would like to work with you<\/span>\n\t\t\t\t\t<\/span>\n\t\t\t\t\t<\/a>\n\t\t\t\t<\/div>\n\t\t\t\t\t\t\t\t<\/div>\n\t\t\t\t<\/div>\n\t\t\t\t\t<\/div>\n\t\t\t\t<\/div>\n\t\t<div class=\"elementor-element elementor-element-515883c e-flex e-con-boxed e-con e-parent\" data-id=\"515883c\" data-element_type=\"container\" data-e-type=\"container\">\n\t\t\t\t\t<div class=\"e-con-inner\">\n\t\t\t\t<div class=\"elementor-element elementor-element-7a81bb0 elementor-widget elementor-widget-spacer\" data-id=\"7a81bb0\" data-element_type=\"widget\" data-e-type=\"widget\" data-widget_type=\"spacer.default\">\n\t\t\t\t\t\t<div class=\"elementor-widget-container\">\n\t\t\t\t\t\t\t<div class=\"elementor-spacer\">\n\t\t\t<div class=\"elementor-spacer-inner\"><\/div>\n\t\t<\/div>\n\t\t\t\t\t\t<\/div>\n\t\t\t\t<\/div>\n\t\t\t\t\t<\/div>\n\t\t\t\t<\/div>\n\t\t\t\t<\/div>","protected":false},"excerpt":{"rendered":"<p>Lili Kitti Helga Ajsa Panna Tamara Rita Vikt\u00f3ria Bodza Fruzsina Nina Vir\u00e1g Szeretn\u00e9k veletek dolgozni<\/p>","protected":false},"author":1,"featured_media":11425,"parent":0,"menu_order":0,"comment_status":"closed","ping_status":"closed","template":"","meta":{"_seopress_robots_primary_cat":"","_seopress_titles_title":"Hostesseink - Be-Roll Hostess \u00dcgyn\u00f6ks\u00e9g","_seopress_titles_desc":"A Be-Roll-n\u00e1l nemcsak szem\u00e9lyzetet tal\u00e1l \u2013 egy pr\u00e9mium \u00e9lm\u00e9nyt kap minden rendezv\u00e9ny\u00e9n.","_seopress_robots_index":"","footnotes":""},"class_list":["post-10370","page","type-page","status-publish","has-post-thumbnail","hentry"],"_links":{"self":[{"href":"https:\/\/be-roll.hu\/en\/wp-json\/wp\/v2\/pages\/10370","targetHints":{"allow":["GET"]}}],"collection":[{"href":"https:\/\/be-roll.hu\/en\/wp-json\/wp\/v2\/pages"}],"about":[{"href":"https:\/\/be-roll.hu\/en\/wp-json\/wp\/v2\/types\/page"}],"author":[{"embeddable":true,"href":"https:\/\/be-roll.hu\/en\/wp-json\/wp\/v2\/users\/1"}],"replies":[{"embeddable":true,"href":"https:\/\/be-roll.hu\/en\/wp-json\/wp\/v2\/comments?post=10370"}],"version-history":[{"count":173,"href":"https:\/\/be-roll.hu\/en\/wp-json\/wp\/v2\/pages\/10370\/revisions"}],"predecessor-version":[{"id":13257,"href":"https:\/\/be-roll.hu\/en\/wp-json\/wp\/v2\/pages\/10370\/revisions\/13257"}],"wp:featuredmedia":[{"embeddable":true,"href":"https:\/\/be-roll.hu\/en\/wp-json\/wp\/v2\/media\/11425"}],"wp:attachment":[{"href":"https:\/\/be-roll.hu\/en\/wp-json\/wp\/v2\/media?parent=10370"}],"curies":[{"name":"wp","href":"https:\/\/api.w.org\/{rel}","templated":true}]}}