{"id":11472,"date":"2026-01-27T14:01:50","date_gmt":"2026-01-27T13:01:50","guid":{"rendered":"https:\/\/be-roll.hu\/?page_id=11472"},"modified":"2026-02-16T12:44:07","modified_gmt":"2026-02-16T11:44:07","slug":"bodza-hostess","status":"publish","type":"page","link":"https:\/\/be-roll.hu\/en\/bodza-hostess\/","title":{"rendered":"Bodza - Hostess"},"content":{"rendered":"<div data-elementor-type=\"wp-page\" data-elementor-id=\"11472\" class=\"elementor elementor-11472\" data-elementor-post-type=\"page\">\n\t\t\t\t<div class=\"elementor-element elementor-element-1d70642d e-flex e-con-boxed e-con e-parent\" data-id=\"1d70642d\" data-element_type=\"container\" data-e-type=\"container\">\n\t\t\t\t\t<div class=\"e-con-inner\">\n\t\t\t\t<div class=\"elementor-element elementor-element-48357d4b elementor-widget elementor-widget-gallery\" data-id=\"48357d4b\" data-element_type=\"widget\" data-e-type=\"widget\" data-settings=\"{&quot;gallery_layout&quot;:&quot;masonry&quot;,&quot;columns&quot;:3,&quot;gap&quot;:{&quot;unit&quot;:&quot;px&quot;,&quot;size&quot;:14,&quot;sizes&quot;:[]},&quot;overlay_title&quot;:&quot;alt&quot;,&quot;lazyload&quot;:&quot;yes&quot;,&quot;columns_tablet&quot;:2,&quot;columns_mobile&quot;:1,&quot;gap_tablet&quot;:{&quot;unit&quot;:&quot;px&quot;,&quot;size&quot;:10,&quot;sizes&quot;:[]},&quot;gap_mobile&quot;:{&quot;unit&quot;:&quot;px&quot;,&quot;size&quot;:10,&quot;sizes&quot;:[]},&quot;link_to&quot;:&quot;file&quot;,&quot;overlay_background&quot;:&quot;yes&quot;,&quot;content_hover_animation&quot;:&quot;fade-in&quot;}\" data-widget_type=\"gallery.default\">\n\t\t\t\t\t\t<div class=\"elementor-widget-container\">\n\t\t\t\t\t\t\t\t<div class=\"elementor-gallery__titles-container e--pointer-none\" aria-label=\"Gallery filter\">\n\t\t\t\t\n\t\t\t\t\t\t\t\t\t<a class=\"elementor-item elementor-gallery-title\" role=\"button\" tabindex=\"0\" data-gallery-index=\"0\">\n\t\t\t\t\t\t\t\t\t\t\t<\/a>\n\t\t\t\t\t\t\t\t<\/div>\n\t\t\t\t\t<div class=\"elementor-gallery__container\">\n\t\t\t\t\t\t\t<a class=\"e-gallery-item elementor-gallery-item elementor-animated-content\" data-e-gallery-tags=\"0\" href=\"https:\/\/be-roll.hu\/wp-content\/uploads\/2026\/01\/be-roll-hostess-bodza-00004.webp\" data-elementor-open-lightbox=\"yes\" data-elementor-lightbox-slideshow=\"48357d4b\" data-elementor-lightbox-title=\"Bodza\" data-elementor-lightbox-description=\"Bodza\" data-e-action-hash=\"#elementor-action%3Aaction%3Dlightbox%26settings%3DeyJpZCI6MTA2NjUsInVybCI6Imh0dHBzOlwvXC9iZS1yb2xsLmh1XC93cC1jb250ZW50XC91cGxvYWRzXC8yMDI2XC8wMVwvYmUtcm9sbC1ob3N0ZXNzLWJvZHphLTAwMDA0LndlYnAiLCJzbGlkZXNob3ciOiI0ODM1N2Q0YiJ9\">\n\t\t\t\t\t<div class=\"e-gallery-image elementor-gallery-item__image\" data-thumbnail=\"https:\/\/be-roll.hu\/wp-content\/uploads\/2026\/01\/be-roll-hostess-bodza-00004-750x1000.webp\" data-width=\"750\" data-height=\"1000\" aria-label=\"Bodza\" role=\"img\" ><\/div>\n\t\t\t\t\t\t\t\t\t\t\t<div class=\"elementor-gallery-item__overlay\"><\/div>\n\t\t\t\t\t\t\t\t\t\t\t\t\t\t\t<div class=\"elementor-gallery-item__content\">\n\t\t\t\t\t\t\t\t\t\t\t\t\t\t<div class=\"elementor-gallery-item__title\">\n\t\t\t\t\t\t\t\t\t\t\t\t\t\t\t\t\t\tBodza\t\t\t\t\t\t\t\t<\/div>\n\t\t\t\t\t\t\t\t\t\t\t\t<\/div>\n\t\t\t\t\t\t\t\t\t<\/a>\n\t\t\t\t\t\t\t<a class=\"e-gallery-item elementor-gallery-item elementor-animated-content\" data-e-gallery-tags=\"0\" href=\"https:\/\/be-roll.hu\/wp-content\/uploads\/2026\/01\/be-roll-hostess-bodza-00001.webp\" data-elementor-open-lightbox=\"yes\" data-elementor-lightbox-slideshow=\"48357d4b\" data-elementor-lightbox-title=\"Bodza\" data-elementor-lightbox-description=\"Bodza\" data-e-action-hash=\"#elementor-action%3Aaction%3Dlightbox%26settings%3DeyJpZCI6MTA2NjIsInVybCI6Imh0dHBzOlwvXC9iZS1yb2xsLmh1XC93cC1jb250ZW50XC91cGxvYWRzXC8yMDI2XC8wMVwvYmUtcm9sbC1ob3N0ZXNzLWJvZHphLTAwMDAxLndlYnAiLCJzbGlkZXNob3ciOiI0ODM1N2Q0YiJ9\">\n\t\t\t\t\t<div class=\"e-gallery-image elementor-gallery-item__image\" data-thumbnail=\"https:\/\/be-roll.hu\/wp-content\/uploads\/2026\/01\/be-roll-hostess-bodza-00001-750x1000.webp\" data-width=\"750\" data-height=\"1000\" aria-label=\"Bodza\" role=\"img\" ><\/div>\n\t\t\t\t\t\t\t\t\t\t\t<div class=\"elementor-gallery-item__overlay\"><\/div>\n\t\t\t\t\t\t\t\t\t\t\t\t\t\t\t<div class=\"elementor-gallery-item__content\">\n\t\t\t\t\t\t\t\t\t\t\t\t\t\t<div class=\"elementor-gallery-item__title\">\n\t\t\t\t\t\t\t\t\t\t\t\t\t\t\t\t\t\tBodza\t\t\t\t\t\t\t\t<\/div>\n\t\t\t\t\t\t\t\t\t\t\t\t<\/div>\n\t\t\t\t\t\t\t\t\t<\/a>\n\t\t\t\t\t\t\t<a class=\"e-gallery-item elementor-gallery-item elementor-animated-content\" data-e-gallery-tags=\"0\" href=\"https:\/\/be-roll.hu\/wp-content\/uploads\/2026\/01\/be-roll-hostess-bodza-00003.webp\" data-elementor-open-lightbox=\"yes\" data-elementor-lightbox-slideshow=\"48357d4b\" data-elementor-lightbox-title=\"Bodza\" data-elementor-lightbox-description=\"Bodza\" data-e-action-hash=\"#elementor-action%3Aaction%3Dlightbox%26settings%3DeyJpZCI6MTA2NjQsInVybCI6Imh0dHBzOlwvXC9iZS1yb2xsLmh1XC93cC1jb250ZW50XC91cGxvYWRzXC8yMDI2XC8wMVwvYmUtcm9sbC1ob3N0ZXNzLWJvZHphLTAwMDAzLndlYnAiLCJzbGlkZXNob3ciOiI0ODM1N2Q0YiJ9\">\n\t\t\t\t\t<div class=\"e-gallery-image elementor-gallery-item__image\" data-thumbnail=\"https:\/\/be-roll.hu\/wp-content\/uploads\/2026\/01\/be-roll-hostess-bodza-00003-817x1000.webp\" data-width=\"817\" data-height=\"1000\" aria-label=\"Bodza\" role=\"img\" ><\/div>\n\t\t\t\t\t\t\t\t\t\t\t<div class=\"elementor-gallery-item__overlay\"><\/div>\n\t\t\t\t\t\t\t\t\t\t\t\t\t\t\t<div class=\"elementor-gallery-item__content\">\n\t\t\t\t\t\t\t\t\t\t\t\t\t\t<div class=\"elementor-gallery-item__title\">\n\t\t\t\t\t\t\t\t\t\t\t\t\t\t\t\t\t\tBodza\t\t\t\t\t\t\t\t<\/div>\n\t\t\t\t\t\t\t\t\t\t\t\t<\/div>\n\t\t\t\t\t\t\t\t\t<\/a>\n\t\t\t\t\t\t\t<a class=\"e-gallery-item elementor-gallery-item elementor-animated-content\" data-e-gallery-tags=\"0\" href=\"https:\/\/be-roll.hu\/wp-content\/uploads\/2026\/01\/be-roll-hostess-bodza-00005.webp\" data-elementor-open-lightbox=\"yes\" data-elementor-lightbox-slideshow=\"48357d4b\" data-elementor-lightbox-title=\"Bodza\" data-elementor-lightbox-description=\"Bodza\" data-e-action-hash=\"#elementor-action%3Aaction%3Dlightbox%26settings%3DeyJpZCI6MTA2NjYsInVybCI6Imh0dHBzOlwvXC9iZS1yb2xsLmh1XC93cC1jb250ZW50XC91cGxvYWRzXC8yMDI2XC8wMVwvYmUtcm9sbC1ob3N0ZXNzLWJvZHphLTAwMDA1LndlYnAiLCJzbGlkZXNob3ciOiI0ODM1N2Q0YiJ9\">\n\t\t\t\t\t<div class=\"e-gallery-image elementor-gallery-item__image\" data-thumbnail=\"https:\/\/be-roll.hu\/wp-content\/uploads\/2026\/01\/be-roll-hostess-bodza-00005-750x1000.webp\" data-width=\"750\" data-height=\"1000\" aria-label=\"Bodza\" role=\"img\" ><\/div>\n\t\t\t\t\t\t\t\t\t\t\t<div class=\"elementor-gallery-item__overlay\"><\/div>\n\t\t\t\t\t\t\t\t\t\t\t\t\t\t\t<div class=\"elementor-gallery-item__content\">\n\t\t\t\t\t\t\t\t\t\t\t\t\t\t<div class=\"elementor-gallery-item__title\">\n\t\t\t\t\t\t\t\t\t\t\t\t\t\t\t\t\t\tBodza\t\t\t\t\t\t\t\t<\/div>\n\t\t\t\t\t\t\t\t\t\t\t\t<\/div>\n\t\t\t\t\t\t\t\t\t<\/a>\n\t\t\t\t\t\t\t<a class=\"e-gallery-item elementor-gallery-item elementor-animated-content\" data-e-gallery-tags=\"0\" href=\"https:\/\/be-roll.hu\/wp-content\/uploads\/2026\/01\/be-roll-hostess-bodza-00002.webp\" data-elementor-open-lightbox=\"yes\" data-elementor-lightbox-slideshow=\"48357d4b\" data-elementor-lightbox-title=\"Bodza\" data-elementor-lightbox-description=\"Bodza\" data-e-action-hash=\"#elementor-action%3Aaction%3Dlightbox%26settings%3DeyJpZCI6MTA2NjMsInVybCI6Imh0dHBzOlwvXC9iZS1yb2xsLmh1XC93cC1jb250ZW50XC91cGxvYWRzXC8yMDI2XC8wMVwvYmUtcm9sbC1ob3N0ZXNzLWJvZHphLTAwMDAyLndlYnAiLCJzbGlkZXNob3ciOiI0ODM1N2Q0YiJ9\">\n\t\t\t\t\t<div class=\"e-gallery-image elementor-gallery-item__image\" data-thumbnail=\"https:\/\/be-roll.hu\/wp-content\/uploads\/2026\/01\/be-roll-hostess-bodza-00002-1000x1000.webp\" data-width=\"1000\" data-height=\"1000\" aria-label=\"Bodza\" role=\"img\" ><\/div>\n\t\t\t\t\t\t\t\t\t\t\t<div class=\"elementor-gallery-item__overlay\"><\/div>\n\t\t\t\t\t\t\t\t\t\t\t\t\t\t\t<div class=\"elementor-gallery-item__content\">\n\t\t\t\t\t\t\t\t\t\t\t\t\t\t<div class=\"elementor-gallery-item__title\">\n\t\t\t\t\t\t\t\t\t\t\t\t\t\t\t\t\t\tBodza\t\t\t\t\t\t\t\t<\/div>\n\t\t\t\t\t\t\t\t\t\t\t\t<\/div>\n\t\t\t\t\t\t\t\t\t<\/a>\n\t\t\t\t\t\t\t<a class=\"e-gallery-item elementor-gallery-item elementor-animated-content\" data-e-gallery-tags=\"0\" href=\"https:\/\/be-roll.hu\/wp-content\/uploads\/2026\/01\/be-roll-hostess-bodza-00006.webp\" data-elementor-open-lightbox=\"yes\" data-elementor-lightbox-slideshow=\"48357d4b\" data-elementor-lightbox-title=\"Bodza\" data-elementor-lightbox-description=\"Bodza\" data-e-action-hash=\"#elementor-action%3Aaction%3Dlightbox%26settings%3DeyJpZCI6MTA2NjcsInVybCI6Imh0dHBzOlwvXC9iZS1yb2xsLmh1XC93cC1jb250ZW50XC91cGxvYWRzXC8yMDI2XC8wMVwvYmUtcm9sbC1ob3N0ZXNzLWJvZHphLTAwMDA2LndlYnAiLCJzbGlkZXNob3ciOiI0ODM1N2Q0YiJ9\">\n\t\t\t\t\t<div class=\"e-gallery-image elementor-gallery-item__image\" data-thumbnail=\"https:\/\/be-roll.hu\/wp-content\/uploads\/2026\/01\/be-roll-hostess-bodza-00006-750x1000.webp\" data-width=\"750\" data-height=\"1000\" aria-label=\"Bodza\" role=\"img\" ><\/div>\n\t\t\t\t\t\t\t\t\t\t\t<div class=\"elementor-gallery-item__overlay\"><\/div>\n\t\t\t\t\t\t\t\t\t\t\t\t\t\t\t<div class=\"elementor-gallery-item__content\">\n\t\t\t\t\t\t\t\t\t\t\t\t\t\t<div class=\"elementor-gallery-item__title\">\n\t\t\t\t\t\t\t\t\t\t\t\t\t\t\t\t\t\tBodza\t\t\t\t\t\t\t\t<\/div>\n\t\t\t\t\t\t\t\t\t\t\t\t<\/div>\n\t\t\t\t\t\t\t\t\t<\/a>\n\t\t\t\t\t<\/div>\n\t\t\t\t\t<\/div>\n\t\t\t\t<\/div>\n\t\t\t\t\t<\/div>\n\t\t\t\t<\/div>\n\t\t<div class=\"elementor-element elementor-element-1cade83 e-flex e-con-boxed e-con e-parent\" data-id=\"1cade83\" data-element_type=\"container\" data-e-type=\"container\">\n\t\t\t\t\t<div class=\"e-con-inner\">\n\t\t<div class=\"elementor-element elementor-element-b606b41 e-con-full e-flex e-con e-child\" data-id=\"b606b41\" data-element_type=\"container\" data-e-type=\"container\">\n\t\t\t\t<div class=\"elementor-element elementor-element-77375b3 elementor-widget elementor-widget-spacer\" data-id=\"77375b3\" data-element_type=\"widget\" data-e-type=\"widget\" data-widget_type=\"spacer.default\">\n\t\t\t\t\t\t<div class=\"elementor-widget-container\">\n\t\t\t\t\t\t\t<div class=\"elementor-spacer\">\n\t\t\t<div class=\"elementor-spacer-inner\"><\/div>\n\t\t<\/div>\n\t\t\t\t\t\t<\/div>\n\t\t\t\t<\/div>\n\t\t\t\t<\/div>\n\t\t<div class=\"elementor-element elementor-element-4eb568d e-con-full e-flex e-con e-child\" data-id=\"4eb568d\" data-element_type=\"container\" data-e-type=\"container\">\n\t\t\t\t<div class=\"elementor-element elementor-element-ff12a46 elementor-widget elementor-widget-button\" data-id=\"ff12a46\" data-element_type=\"widget\" data-e-type=\"widget\" data-widget_type=\"button.default\">\n\t\t\t\t\t\t<div class=\"elementor-widget-container\">\n\t\t\t\t\t\t\t\t\t<div class=\"elementor-button-wrapper\">\n\t\t\t\t\t<a class=\"elementor-button elementor-button-link elementor-size-sm\" href=\"#ajanlatot_kerek\">\n\t\t\t\t\t\t<span class=\"elementor-button-content-wrapper\">\n\t\t\t\t\t\t\t\t\t<span class=\"elementor-button-text\">Please make an offer<\/span>\n\t\t\t\t\t<\/span>\n\t\t\t\t\t<\/a>\n\t\t\t\t<\/div>\n\t\t\t\t\t\t\t\t<\/div>\n\t\t\t\t<\/div>\n\t\t\t\t<div class=\"elementor-element elementor-element-27d2810 elementor-widget elementor-widget-button\" data-id=\"27d2810\" data-element_type=\"widget\" data-e-type=\"widget\" data-widget_type=\"button.default\">\n\t\t\t\t\t\t<div class=\"elementor-widget-container\">\n\t\t\t\t\t\t\t\t\t<div class=\"elementor-button-wrapper\">\n\t\t\t\t\t<a class=\"elementor-button elementor-button-link elementor-size-sm\" href=\"https:\/\/be-roll.hu\/en\/hostesseink\/\">\n\t\t\t\t\t\t<span class=\"elementor-button-content-wrapper\">\n\t\t\t\t\t\t\t\t\t<span class=\"elementor-button-text\">I will check the other hostesses<\/span>\n\t\t\t\t\t<\/span>\n\t\t\t\t\t<\/a>\n\t\t\t\t<\/div>\n\t\t\t\t\t\t\t\t<\/div>\n\t\t\t\t<\/div>\n\t\t\t\t<\/div>\n\t\t\t\t\t<\/div>\n\t\t\t\t<\/div>\n\t\t<div class=\"elementor-element elementor-element-fd6e3a9 e-flex e-con-boxed e-con e-parent\" data-id=\"fd6e3a9\" data-element_type=\"container\" data-e-type=\"container\">\n\t\t\t\t\t<div class=\"e-con-inner\">\n\t\t\t\t<div class=\"elementor-element elementor-element-35247ed elementor-widget elementor-widget-spacer\" data-id=\"35247ed\" data-element_type=\"widget\" data-e-type=\"widget\" data-widget_type=\"spacer.default\">\n\t\t\t\t\t\t<div class=\"elementor-widget-container\">\n\t\t\t\t\t\t\t<div class=\"elementor-spacer\">\n\t\t\t<div class=\"elementor-spacer-inner\"><\/div>\n\t\t<\/div>\n\t\t\t\t\t\t<\/div>\n\t\t\t\t<\/div>\n\t\t\t\t\t<\/div>\n\t\t\t\t<\/div>\n\t\t\t\t<\/div>","protected":false},"excerpt":{"rendered":"<p>Bodza Bodza Bodza Bodza Bodza Bodza Bodza Bodza Request a quote I'll check the other hostesses<\/p>","protected":false},"author":1,"featured_media":11474,"parent":0,"menu_order":0,"comment_status":"closed","ping_status":"closed","template":"","meta":{"_seopress_robots_primary_cat":"","_seopress_titles_title":"Bodza - Be-Roll Hostess \u00dcgyn\u00f6ks\u00e9g","_seopress_titles_desc":"Bodza \u2013 Hostess","_seopress_robots_index":"","footnotes":""},"class_list":["post-11472","page","type-page","status-publish","has-post-thumbnail","hentry"],"_links":{"self":[{"href":"https:\/\/be-roll.hu\/en\/wp-json\/wp\/v2\/pages\/11472","targetHints":{"allow":["GET"]}}],"collection":[{"href":"https:\/\/be-roll.hu\/en\/wp-json\/wp\/v2\/pages"}],"about":[{"href":"https:\/\/be-roll.hu\/en\/wp-json\/wp\/v2\/types\/page"}],"author":[{"embeddable":true,"href":"https:\/\/be-roll.hu\/en\/wp-json\/wp\/v2\/users\/1"}],"replies":[{"embeddable":true,"href":"https:\/\/be-roll.hu\/en\/wp-json\/wp\/v2\/comments?post=11472"}],"version-history":[{"count":13,"href":"https:\/\/be-roll.hu\/en\/wp-json\/wp\/v2\/pages\/11472\/revisions"}],"predecessor-version":[{"id":12946,"href":"https:\/\/be-roll.hu\/en\/wp-json\/wp\/v2\/pages\/11472\/revisions\/12946"}],"wp:featuredmedia":[{"embeddable":true,"href":"https:\/\/be-roll.hu\/en\/wp-json\/wp\/v2\/media\/11474"}],"wp:attachment":[{"href":"https:\/\/be-roll.hu\/en\/wp-json\/wp\/v2\/media?parent=11472"}],"curies":[{"name":"wp","href":"https:\/\/api.w.org\/{rel}","templated":true}]}}