{"id":11488,"date":"2026-01-27T14:06:12","date_gmt":"2026-01-27T13:06:12","guid":{"rendered":"https:\/\/be-roll.hu\/?page_id=11488"},"modified":"2026-02-16T12:50:02","modified_gmt":"2026-02-16T11:50:02","slug":"tamara-hostess","status":"publish","type":"page","link":"https:\/\/be-roll.hu\/en\/tamara-hostess\/","title":{"rendered":"Tamara - Hostess"},"content":{"rendered":"<div data-elementor-type=\"wp-page\" data-elementor-id=\"11488\" class=\"elementor elementor-11488\" data-elementor-post-type=\"page\">\n\t\t\t\t<div class=\"elementor-element elementor-element-3038dbb6 e-flex e-con-boxed e-con e-parent\" data-id=\"3038dbb6\" data-element_type=\"container\" data-e-type=\"container\">\n\t\t\t\t\t<div class=\"e-con-inner\">\n\t\t\t\t<div class=\"elementor-element elementor-element-5ba23398 elementor-widget elementor-widget-gallery\" data-id=\"5ba23398\" data-element_type=\"widget\" data-e-type=\"widget\" data-settings=\"{&quot;gallery_layout&quot;:&quot;masonry&quot;,&quot;columns&quot;:3,&quot;gap&quot;:{&quot;unit&quot;:&quot;px&quot;,&quot;size&quot;:14,&quot;sizes&quot;:[]},&quot;overlay_title&quot;:&quot;alt&quot;,&quot;lazyload&quot;:&quot;yes&quot;,&quot;columns_tablet&quot;:2,&quot;columns_mobile&quot;:1,&quot;gap_tablet&quot;:{&quot;unit&quot;:&quot;px&quot;,&quot;size&quot;:10,&quot;sizes&quot;:[]},&quot;gap_mobile&quot;:{&quot;unit&quot;:&quot;px&quot;,&quot;size&quot;:10,&quot;sizes&quot;:[]},&quot;link_to&quot;:&quot;file&quot;,&quot;overlay_background&quot;:&quot;yes&quot;,&quot;content_hover_animation&quot;:&quot;fade-in&quot;}\" data-widget_type=\"gallery.default\">\n\t\t\t\t\t\t<div class=\"elementor-widget-container\">\n\t\t\t\t\t\t\t\t<div class=\"elementor-gallery__titles-container e--pointer-none\" aria-label=\"Gallery filter\">\n\t\t\t\t\n\t\t\t\t\t\t\t\t\t<a class=\"elementor-item elementor-gallery-title\" role=\"button\" tabindex=\"0\" data-gallery-index=\"0\">\n\t\t\t\t\t\t\t\t\t\t\t<\/a>\n\t\t\t\t\t\t\t\t<\/div>\n\t\t\t\t\t<div class=\"elementor-gallery__container\">\n\t\t\t\t\t\t\t<a class=\"e-gallery-item elementor-gallery-item elementor-animated-content\" data-e-gallery-tags=\"0\" href=\"https:\/\/be-roll.hu\/wp-content\/uploads\/2026\/01\/be-roll-hostess-tamara-00003.webp\" data-elementor-open-lightbox=\"yes\" data-elementor-lightbox-slideshow=\"5ba23398\" data-elementor-lightbox-title=\"Tamara\" data-elementor-lightbox-description=\"Tamara\" data-e-action-hash=\"#elementor-action%3Aaction%3Dlightbox%26settings%3DeyJpZCI6MTA3MjUsInVybCI6Imh0dHBzOlwvXC9iZS1yb2xsLmh1XC93cC1jb250ZW50XC91cGxvYWRzXC8yMDI2XC8wMVwvYmUtcm9sbC1ob3N0ZXNzLXRhbWFyYS0wMDAwMy53ZWJwIiwic2xpZGVzaG93IjoiNWJhMjMzOTgifQ%3D%3D\">\n\t\t\t\t\t<div class=\"e-gallery-image elementor-gallery-item__image\" data-thumbnail=\"https:\/\/be-roll.hu\/wp-content\/uploads\/2026\/01\/be-roll-hostess-tamara-00003-563x1000.webp\" data-width=\"563\" data-height=\"1000\" aria-label=\"Tamara\" role=\"img\" ><\/div>\n\t\t\t\t\t\t\t\t\t\t\t<div class=\"elementor-gallery-item__overlay\"><\/div>\n\t\t\t\t\t\t\t\t\t\t\t\t\t\t\t<div class=\"elementor-gallery-item__content\">\n\t\t\t\t\t\t\t\t\t\t\t\t\t\t<div class=\"elementor-gallery-item__title\">\n\t\t\t\t\t\t\t\t\t\t\t\t\t\t\t\t\t\tTamara\t\t\t\t\t\t\t\t<\/div>\n\t\t\t\t\t\t\t\t\t\t\t\t<\/div>\n\t\t\t\t\t\t\t\t\t<\/a>\n\t\t\t\t\t\t\t<a class=\"e-gallery-item elementor-gallery-item elementor-animated-content\" data-e-gallery-tags=\"0\" href=\"https:\/\/be-roll.hu\/wp-content\/uploads\/2026\/01\/be-roll-hostess-tamara-00004.webp\" data-elementor-open-lightbox=\"yes\" data-elementor-lightbox-slideshow=\"5ba23398\" data-elementor-lightbox-title=\"Tamara\" data-elementor-lightbox-description=\"Tamara\" data-e-action-hash=\"#elementor-action%3Aaction%3Dlightbox%26settings%3DeyJpZCI6MTA3MjYsInVybCI6Imh0dHBzOlwvXC9iZS1yb2xsLmh1XC93cC1jb250ZW50XC91cGxvYWRzXC8yMDI2XC8wMVwvYmUtcm9sbC1ob3N0ZXNzLXRhbWFyYS0wMDAwNC53ZWJwIiwic2xpZGVzaG93IjoiNWJhMjMzOTgifQ%3D%3D\">\n\t\t\t\t\t<div class=\"e-gallery-image elementor-gallery-item__image\" data-thumbnail=\"https:\/\/be-roll.hu\/wp-content\/uploads\/2026\/01\/be-roll-hostess-tamara-00004-666x1000.webp\" data-width=\"666\" data-height=\"1000\" aria-label=\"Tamara\" role=\"img\" ><\/div>\n\t\t\t\t\t\t\t\t\t\t\t<div class=\"elementor-gallery-item__overlay\"><\/div>\n\t\t\t\t\t\t\t\t\t\t\t\t\t\t\t<div class=\"elementor-gallery-item__content\">\n\t\t\t\t\t\t\t\t\t\t\t\t\t\t<div class=\"elementor-gallery-item__title\">\n\t\t\t\t\t\t\t\t\t\t\t\t\t\t\t\t\t\tTamara\t\t\t\t\t\t\t\t<\/div>\n\t\t\t\t\t\t\t\t\t\t\t\t<\/div>\n\t\t\t\t\t\t\t\t\t<\/a>\n\t\t\t\t\t\t\t<a class=\"e-gallery-item elementor-gallery-item elementor-animated-content\" data-e-gallery-tags=\"0\" href=\"https:\/\/be-roll.hu\/wp-content\/uploads\/2026\/01\/be-roll-hostess-tamara-00006.webp\" data-elementor-open-lightbox=\"yes\" data-elementor-lightbox-slideshow=\"5ba23398\" data-elementor-lightbox-title=\"Tamara\" data-elementor-lightbox-description=\"Tamara\" data-e-action-hash=\"#elementor-action%3Aaction%3Dlightbox%26settings%3DeyJpZCI6MTA3MjgsInVybCI6Imh0dHBzOlwvXC9iZS1yb2xsLmh1XC93cC1jb250ZW50XC91cGxvYWRzXC8yMDI2XC8wMVwvYmUtcm9sbC1ob3N0ZXNzLXRhbWFyYS0wMDAwNi53ZWJwIiwic2xpZGVzaG93IjoiNWJhMjMzOTgifQ%3D%3D\">\n\t\t\t\t\t<div class=\"e-gallery-image elementor-gallery-item__image\" data-thumbnail=\"https:\/\/be-roll.hu\/wp-content\/uploads\/2026\/01\/be-roll-hostess-tamara-00006-750x1000.webp\" data-width=\"750\" data-height=\"1000\" aria-label=\"Tamara\" role=\"img\" ><\/div>\n\t\t\t\t\t\t\t\t\t\t\t<div class=\"elementor-gallery-item__overlay\"><\/div>\n\t\t\t\t\t\t\t\t\t\t\t\t\t\t\t<div class=\"elementor-gallery-item__content\">\n\t\t\t\t\t\t\t\t\t\t\t\t\t\t<div class=\"elementor-gallery-item__title\">\n\t\t\t\t\t\t\t\t\t\t\t\t\t\t\t\t\t\tTamara\t\t\t\t\t\t\t\t<\/div>\n\t\t\t\t\t\t\t\t\t\t\t\t<\/div>\n\t\t\t\t\t\t\t\t\t<\/a>\n\t\t\t\t\t\t\t<a class=\"e-gallery-item elementor-gallery-item elementor-animated-content\" data-e-gallery-tags=\"0\" href=\"https:\/\/be-roll.hu\/wp-content\/uploads\/2026\/01\/be-roll-hostess-tamara-00001.webp\" data-elementor-open-lightbox=\"yes\" data-elementor-lightbox-slideshow=\"5ba23398\" data-elementor-lightbox-title=\"Tamara\" data-e-action-hash=\"#elementor-action%3Aaction%3Dlightbox%26settings%3DeyJpZCI6MTA3MjMsInVybCI6Imh0dHBzOlwvXC9iZS1yb2xsLmh1XC93cC1jb250ZW50XC91cGxvYWRzXC8yMDI2XC8wMVwvYmUtcm9sbC1ob3N0ZXNzLXRhbWFyYS0wMDAwMS53ZWJwIiwic2xpZGVzaG93IjoiNWJhMjMzOTgifQ%3D%3D\">\n\t\t\t\t\t<div class=\"e-gallery-image elementor-gallery-item__image\" data-thumbnail=\"https:\/\/be-roll.hu\/wp-content\/uploads\/2026\/01\/be-roll-hostess-tamara-00001-734x1000.webp\" data-width=\"734\" data-height=\"1000\" aria-label=\"Tamara\" role=\"img\" ><\/div>\n\t\t\t\t\t\t\t\t\t\t\t<div class=\"elementor-gallery-item__overlay\"><\/div>\n\t\t\t\t\t\t\t\t\t\t\t\t\t\t\t<div class=\"elementor-gallery-item__content\">\n\t\t\t\t\t\t\t\t\t\t\t\t\t\t<div class=\"elementor-gallery-item__title\">\n\t\t\t\t\t\t\t\t\t\t\t\t\t\t\t\t\t\tTamara\t\t\t\t\t\t\t\t<\/div>\n\t\t\t\t\t\t\t\t\t\t\t\t<\/div>\n\t\t\t\t\t\t\t\t\t<\/a>\n\t\t\t\t\t\t\t<a class=\"e-gallery-item elementor-gallery-item elementor-animated-content\" data-e-gallery-tags=\"0\" href=\"https:\/\/be-roll.hu\/wp-content\/uploads\/2026\/01\/be-roll-hostess-tamara-00005.webp\" data-elementor-open-lightbox=\"yes\" data-elementor-lightbox-slideshow=\"5ba23398\" data-elementor-lightbox-title=\"Tamara\" data-elementor-lightbox-description=\"Tamara\" data-e-action-hash=\"#elementor-action%3Aaction%3Dlightbox%26settings%3DeyJpZCI6MTA3MjcsInVybCI6Imh0dHBzOlwvXC9iZS1yb2xsLmh1XC93cC1jb250ZW50XC91cGxvYWRzXC8yMDI2XC8wMVwvYmUtcm9sbC1ob3N0ZXNzLXRhbWFyYS0wMDAwNS53ZWJwIiwic2xpZGVzaG93IjoiNWJhMjMzOTgifQ%3D%3D\">\n\t\t\t\t\t<div class=\"e-gallery-image elementor-gallery-item__image\" data-thumbnail=\"https:\/\/be-roll.hu\/wp-content\/uploads\/2026\/01\/be-roll-hostess-tamara-00005-750x1000.webp\" data-width=\"750\" data-height=\"1000\" aria-label=\"Tamara\" role=\"img\" ><\/div>\n\t\t\t\t\t\t\t\t\t\t\t<div class=\"elementor-gallery-item__overlay\"><\/div>\n\t\t\t\t\t\t\t\t\t\t\t\t\t\t\t<div class=\"elementor-gallery-item__content\">\n\t\t\t\t\t\t\t\t\t\t\t\t\t\t<div class=\"elementor-gallery-item__title\">\n\t\t\t\t\t\t\t\t\t\t\t\t\t\t\t\t\t\tTamara\t\t\t\t\t\t\t\t<\/div>\n\t\t\t\t\t\t\t\t\t\t\t\t<\/div>\n\t\t\t\t\t\t\t\t\t<\/a>\n\t\t\t\t\t\t\t<a class=\"e-gallery-item elementor-gallery-item elementor-animated-content\" data-e-gallery-tags=\"0\" href=\"https:\/\/be-roll.hu\/wp-content\/uploads\/2026\/01\/be-roll-hostess-tamara-00002.webp\" data-elementor-open-lightbox=\"yes\" data-elementor-lightbox-slideshow=\"5ba23398\" data-elementor-lightbox-title=\"Tamara\" data-elementor-lightbox-description=\"Tamara\" data-e-action-hash=\"#elementor-action%3Aaction%3Dlightbox%26settings%3DeyJpZCI6MTA3MjQsInVybCI6Imh0dHBzOlwvXC9iZS1yb2xsLmh1XC93cC1jb250ZW50XC91cGxvYWRzXC8yMDI2XC8wMVwvYmUtcm9sbC1ob3N0ZXNzLXRhbWFyYS0wMDAwMi53ZWJwIiwic2xpZGVzaG93IjoiNWJhMjMzOTgifQ%3D%3D\">\n\t\t\t\t\t<div class=\"e-gallery-image elementor-gallery-item__image\" data-thumbnail=\"https:\/\/be-roll.hu\/wp-content\/uploads\/2026\/01\/be-roll-hostess-tamara-00002-800x1000.webp\" data-width=\"800\" data-height=\"1000\" aria-label=\"Tamara\" role=\"img\" ><\/div>\n\t\t\t\t\t\t\t\t\t\t\t<div class=\"elementor-gallery-item__overlay\"><\/div>\n\t\t\t\t\t\t\t\t\t\t\t\t\t\t\t<div class=\"elementor-gallery-item__content\">\n\t\t\t\t\t\t\t\t\t\t\t\t\t\t<div class=\"elementor-gallery-item__title\">\n\t\t\t\t\t\t\t\t\t\t\t\t\t\t\t\t\t\tTamara\t\t\t\t\t\t\t\t<\/div>\n\t\t\t\t\t\t\t\t\t\t\t\t<\/div>\n\t\t\t\t\t\t\t\t\t<\/a>\n\t\t\t\t\t<\/div>\n\t\t\t\t\t<\/div>\n\t\t\t\t<\/div>\n\t\t\t\t\t<\/div>\n\t\t\t\t<\/div>\n\t\t<div class=\"elementor-element elementor-element-646f765 e-flex e-con-boxed e-con e-parent\" data-id=\"646f765\" data-element_type=\"container\" data-e-type=\"container\">\n\t\t\t\t\t<div class=\"e-con-inner\">\n\t\t<div class=\"elementor-element elementor-element-4191b80 e-con-full e-flex e-con e-child\" data-id=\"4191b80\" data-element_type=\"container\" data-e-type=\"container\">\n\t\t\t\t<div class=\"elementor-element elementor-element-20def87 elementor-widget elementor-widget-spacer\" data-id=\"20def87\" data-element_type=\"widget\" data-e-type=\"widget\" data-widget_type=\"spacer.default\">\n\t\t\t\t\t\t<div class=\"elementor-widget-container\">\n\t\t\t\t\t\t\t<div class=\"elementor-spacer\">\n\t\t\t<div class=\"elementor-spacer-inner\"><\/div>\n\t\t<\/div>\n\t\t\t\t\t\t<\/div>\n\t\t\t\t<\/div>\n\t\t\t\t<\/div>\n\t\t<div class=\"elementor-element elementor-element-046b0e3 e-con-full e-flex e-con e-child\" data-id=\"046b0e3\" data-element_type=\"container\" data-e-type=\"container\">\n\t\t\t\t<div class=\"elementor-element elementor-element-eac4201 elementor-widget elementor-widget-button\" data-id=\"eac4201\" data-element_type=\"widget\" data-e-type=\"widget\" data-widget_type=\"button.default\">\n\t\t\t\t\t\t<div class=\"elementor-widget-container\">\n\t\t\t\t\t\t\t\t\t<div class=\"elementor-button-wrapper\">\n\t\t\t\t\t<a class=\"elementor-button elementor-button-link elementor-size-sm\" href=\"#ajanlatot_kerek\">\n\t\t\t\t\t\t<span class=\"elementor-button-content-wrapper\">\n\t\t\t\t\t\t\t\t\t<span class=\"elementor-button-text\">Please make an offer<\/span>\n\t\t\t\t\t<\/span>\n\t\t\t\t\t<\/a>\n\t\t\t\t<\/div>\n\t\t\t\t\t\t\t\t<\/div>\n\t\t\t\t<\/div>\n\t\t\t\t<div class=\"elementor-element elementor-element-3505009 elementor-widget elementor-widget-button\" data-id=\"3505009\" data-element_type=\"widget\" data-e-type=\"widget\" data-widget_type=\"button.default\">\n\t\t\t\t\t\t<div class=\"elementor-widget-container\">\n\t\t\t\t\t\t\t\t\t<div class=\"elementor-button-wrapper\">\n\t\t\t\t\t<a class=\"elementor-button elementor-button-link elementor-size-sm\" href=\"https:\/\/be-roll.hu\/en\/hostesseink\/\">\n\t\t\t\t\t\t<span class=\"elementor-button-content-wrapper\">\n\t\t\t\t\t\t\t\t\t<span class=\"elementor-button-text\">I will check the other hostesses<\/span>\n\t\t\t\t\t<\/span>\n\t\t\t\t\t<\/a>\n\t\t\t\t<\/div>\n\t\t\t\t\t\t\t\t<\/div>\n\t\t\t\t<\/div>\n\t\t\t\t<\/div>\n\t\t\t\t\t<\/div>\n\t\t\t\t<\/div>\n\t\t<div class=\"elementor-element elementor-element-6751b00 e-flex e-con-boxed e-con e-parent\" data-id=\"6751b00\" data-element_type=\"container\" data-e-type=\"container\">\n\t\t\t\t\t<div class=\"e-con-inner\">\n\t\t\t\t<div class=\"elementor-element elementor-element-a9e00ad elementor-widget elementor-widget-spacer\" data-id=\"a9e00ad\" data-element_type=\"widget\" data-e-type=\"widget\" data-widget_type=\"spacer.default\">\n\t\t\t\t\t\t<div class=\"elementor-widget-container\">\n\t\t\t\t\t\t\t<div class=\"elementor-spacer\">\n\t\t\t<div class=\"elementor-spacer-inner\"><\/div>\n\t\t<\/div>\n\t\t\t\t\t\t<\/div>\n\t\t\t\t<\/div>\n\t\t\t\t\t<\/div>\n\t\t\t\t<\/div>\n\t\t\t\t<\/div>","protected":false},"excerpt":{"rendered":"<p>Tamara Tamara Tamara Tamara Tamara Tamara Tamara Please send me an offer I'll check the other hostesses<\/p>","protected":false},"author":1,"featured_media":11510,"parent":0,"menu_order":0,"comment_status":"closed","ping_status":"closed","template":"","meta":{"_seopress_robots_primary_cat":"","_seopress_titles_title":"Tamara - Be-Roll Hostess \u00dcgyn\u00f6ks\u00e9g","_seopress_titles_desc":"Tamara \u2013 Hostess","_seopress_robots_index":"","footnotes":""},"class_list":["post-11488","page","type-page","status-publish","has-post-thumbnail","hentry"],"_links":{"self":[{"href":"https:\/\/be-roll.hu\/en\/wp-json\/wp\/v2\/pages\/11488","targetHints":{"allow":["GET"]}}],"collection":[{"href":"https:\/\/be-roll.hu\/en\/wp-json\/wp\/v2\/pages"}],"about":[{"href":"https:\/\/be-roll.hu\/en\/wp-json\/wp\/v2\/types\/page"}],"author":[{"embeddable":true,"href":"https:\/\/be-roll.hu\/en\/wp-json\/wp\/v2\/users\/1"}],"replies":[{"embeddable":true,"href":"https:\/\/be-roll.hu\/en\/wp-json\/wp\/v2\/comments?post=11488"}],"version-history":[{"count":16,"href":"https:\/\/be-roll.hu\/en\/wp-json\/wp\/v2\/pages\/11488\/revisions"}],"predecessor-version":[{"id":12967,"href":"https:\/\/be-roll.hu\/en\/wp-json\/wp\/v2\/pages\/11488\/revisions\/12967"}],"wp:featuredmedia":[{"embeddable":true,"href":"https:\/\/be-roll.hu\/en\/wp-json\/wp\/v2\/media\/11510"}],"wp:attachment":[{"href":"https:\/\/be-roll.hu\/en\/wp-json\/wp\/v2\/media?parent=11488"}],"curies":[{"name":"wp","href":"https:\/\/api.w.org\/{rel}","templated":true}]}}