{"id":13036,"date":"2026-02-21T12:59:39","date_gmt":"2026-02-21T11:59:39","guid":{"rendered":"https:\/\/be-roll.hu\/?page_id=13036"},"modified":"2026-02-21T13:15:18","modified_gmt":"2026-02-21T12:15:18","slug":"supply-of-electric-cars-to-be-roll-kft","status":"publish","type":"page","link":"https:\/\/be-roll.hu\/en\/elektromos-auto-beszerzese-a-be-roll-kft-nel\/","title":{"rendered":"Purchase of an electric car at BE-ROLL Kft"},"content":{"rendered":"<div data-elementor-type=\"wp-page\" data-elementor-id=\"13036\" class=\"elementor elementor-13036\" data-elementor-post-type=\"page\">\n\t\t\t\t<div class=\"elementor-element elementor-element-8580966 e-flex e-con-boxed e-con e-parent\" data-id=\"8580966\" data-element_type=\"container\" data-e-type=\"container\">\n\t\t\t\t\t<div class=\"e-con-inner\">\n\t\t\t\t<div class=\"elementor-element elementor-element-fd60031 elementor-widget elementor-widget-text-editor\" data-id=\"fd60031\" data-element_type=\"widget\" data-e-type=\"widget\" data-widget_type=\"text-editor.default\">\n\t\t\t\t\t\t<div class=\"elementor-widget-container\">\n\t\t\t\t\t\t\t\t\t<p>RRF-REP-10.10.1-24-2025-05267<br \/><strong>Purchase of an electric car at BE-ROLL Kft<\/strong><\/p><p>Beneficiary name: Be-Roll Kft<br \/>Projektazonos\u00edt\u00f3: RRF-REP-10.10.1-24-2025-05267<br \/>Subject and purpose of the development: purchase of an electric car at BE-ROLL Kft.<br \/>Aid amount: HUF 3,6 million<br \/>Project start date: 2025.02.01.<br \/>Project completion date: 26.06.2025.<br \/>Place of realisation: 3528 Miskolc, Lajos \u00c1rp\u00e1d utca 33.<\/p><p><br \/><strong>A detailed description of the project content:<\/strong><br \/>The project was funded under the Road Electric Vehicle Procurement Support for Enterprises, Recovery and Resilience Plan.<br \/>The aim of the project implemented by Be-Roll Ltd. was the purchase of a Citroen e-C5 electric vehicle, which was successfully implemented. The project was implemented under the Recovery and Resilience Plan.<br \/><br \/>The total gross cost of the project is HUF 11.5 million, for which a grant of HUF 39%, i.e. HUF 3.6 million, was awarded.<br \/>Thanks to the investment, during the implementation and maintenance of the project, the company will be responsible for maintaining the efficient operation, maintaining and increasing the number of employees.<br \/><br \/>More information is available on request:<br \/>benkovics.roland@be-roll.hu<\/p>\t\t\t\t\t\t\t\t<\/div>\n\t\t\t\t<\/div>\n\t\t\t\t\t<\/div>\n\t\t\t\t<\/div>\n\t\t<div class=\"elementor-element elementor-element-665590a e-flex e-con-boxed e-con e-parent\" data-id=\"665590a\" data-element_type=\"container\" data-e-type=\"container\">\n\t\t\t\t\t<div class=\"e-con-inner\">\n\t\t\t\t<div class=\"elementor-element elementor-element-d6c0dc6 elementor-widget elementor-widget-spacer\" data-id=\"d6c0dc6\" data-element_type=\"widget\" data-e-type=\"widget\" data-widget_type=\"spacer.default\">\n\t\t\t\t\t\t<div class=\"elementor-widget-container\">\n\t\t\t\t\t\t\t<div class=\"elementor-spacer\">\n\t\t\t<div class=\"elementor-spacer-inner\"><\/div>\n\t\t<\/div>\n\t\t\t\t\t\t<\/div>\n\t\t\t\t<\/div>\n\t\t\t\t\t<\/div>\n\t\t\t\t<\/div>\n\t\t\t\t<\/div>","protected":false},"excerpt":{"rendered":"<p>RRF-REP-10.10.1-24-2025-05267Elektromos aut\u00f3 beszerz\u00e9se a BE-ROLL Kft-n\u00e9l Kedvezm\u00e9nyezett neve: Be-Roll KftProjektazonos\u00edt\u00f3: RRF-REP-10.10.1-24-2025-05267A fejleszt\u00e9s t\u00e1rgya, c\u00e9lja: Elektromos aut\u00f3 beszerz\u00e9se a BE-ROLL Kft-n\u00e9lA t\u00e1mogat\u00e1s \u00f6sszege: 3,6 M FtProjekt megkezd\u00e9se: 2025.02.01.Projekt befejez\u00e9se: 2025.06.26.Megval\u00f3s\u00edt\u00e1s helye: 3528 Miskolc, Lajos \u00c1rp\u00e1d utca 33. A projekt tartalm\u00e1nak r\u00e9szletes bemutat\u00e1sa:A projekt a K\u00f6z\u00fati elektromos j\u00e1rm\u0171 beszerz\u00e9s t\u00e1mogat\u00e1sa v\u00e1llalkoz\u00e1soknak c\u00edm\u0171 p\u00e1ly\u00e1zat, a Helyre\u00e1ll\u00edt\u00e1si \u00e9s Ellen\u00e1ll\u00f3k\u00e9pess\u00e9gi [&hellip;]<\/p>\n","protected":false},"author":1,"featured_media":13051,"parent":0,"menu_order":0,"comment_status":"closed","ping_status":"closed","template":"","meta":{"_seopress_robots_primary_cat":"","_seopress_titles_title":"P\u00e1ly\u00e1zat - Be-Roll Hostess \u00dcgyn\u00f6ks\u00e9g","_seopress_titles_desc":"Elektromos aut\u00f3 beszerz\u00e9se a BE-ROLL Kft-n\u00e9l","_seopress_robots_index":"","footnotes":""},"class_list":["post-13036","page","type-page","status-publish","has-post-thumbnail","hentry"],"_links":{"self":[{"href":"https:\/\/be-roll.hu\/en\/wp-json\/wp\/v2\/pages\/13036","targetHints":{"allow":["GET"]}}],"collection":[{"href":"https:\/\/be-roll.hu\/en\/wp-json\/wp\/v2\/pages"}],"about":[{"href":"https:\/\/be-roll.hu\/en\/wp-json\/wp\/v2\/types\/page"}],"author":[{"embeddable":true,"href":"https:\/\/be-roll.hu\/en\/wp-json\/wp\/v2\/users\/1"}],"replies":[{"embeddable":true,"href":"https:\/\/be-roll.hu\/en\/wp-json\/wp\/v2\/comments?post=13036"}],"version-history":[{"count":10,"href":"https:\/\/be-roll.hu\/en\/wp-json\/wp\/v2\/pages\/13036\/revisions"}],"predecessor-version":[{"id":13054,"href":"https:\/\/be-roll.hu\/en\/wp-json\/wp\/v2\/pages\/13036\/revisions\/13054"}],"wp:featuredmedia":[{"embeddable":true,"href":"https:\/\/be-roll.hu\/en\/wp-json\/wp\/v2\/media\/13051"}],"wp:attachment":[{"href":"https:\/\/be-roll.hu\/en\/wp-json\/wp\/v2\/media?parent=13036"}],"curies":[{"name":"wp","href":"https:\/\/api.w.org\/{rel}","templated":true}]}}