{"id":11457,"date":"2026-01-27T13:37:42","date_gmt":"2026-01-27T12:37:42","guid":{"rendered":"https:\/\/be-roll.hu\/?page_id=11457"},"modified":"2026-02-25T15:41:35","modified_gmt":"2026-02-25T14:41:35","slug":"ajsa-hostess","status":"publish","type":"page","link":"https:\/\/be-roll.hu\/hu_hu\/ajsa-hostess\/","title":{"rendered":"Ajsa &#8211; Hostess"},"content":{"rendered":"\t\t<div data-elementor-type=\"wp-page\" data-elementor-id=\"11457\" class=\"elementor elementor-11457\" data-elementor-post-type=\"page\">\n\t\t\t\t<div class=\"elementor-element elementor-element-55828fe6 e-flex e-con-boxed e-con e-parent\" data-id=\"55828fe6\" data-element_type=\"container\" data-e-type=\"container\">\n\t\t\t\t\t<div class=\"e-con-inner\">\n\t\t\t\t<div class=\"elementor-element elementor-element-2b7dbc9d elementor-widget elementor-widget-gallery\" data-id=\"2b7dbc9d\" data-element_type=\"widget\" data-e-type=\"widget\" data-settings=\"{&quot;gallery_layout&quot;:&quot;masonry&quot;,&quot;columns&quot;:3,&quot;gap&quot;:{&quot;unit&quot;:&quot;px&quot;,&quot;size&quot;:14,&quot;sizes&quot;:[]},&quot;overlay_title&quot;:&quot;alt&quot;,&quot;lazyload&quot;:&quot;yes&quot;,&quot;columns_tablet&quot;:2,&quot;columns_mobile&quot;:1,&quot;gap_tablet&quot;:{&quot;unit&quot;:&quot;px&quot;,&quot;size&quot;:10,&quot;sizes&quot;:[]},&quot;gap_mobile&quot;:{&quot;unit&quot;:&quot;px&quot;,&quot;size&quot;:10,&quot;sizes&quot;:[]},&quot;link_to&quot;:&quot;file&quot;,&quot;overlay_background&quot;:&quot;yes&quot;,&quot;content_hover_animation&quot;:&quot;fade-in&quot;}\" data-widget_type=\"gallery.default\">\n\t\t\t\t\t\t<div class=\"elementor-widget-container\">\n\t\t\t\t\t\t\t\t<div class=\"elementor-gallery__titles-container e--pointer-none\" aria-label=\"Gallery filter\">\n\t\t\t\t\n\t\t\t\t\t\t\t\t\t<a class=\"elementor-item elementor-gallery-title\" role=\"button\" tabindex=\"0\" data-gallery-index=\"0\">\n\t\t\t\t\t\t\t\t\t\t\t<\/a>\n\t\t\t\t\t\t\t\t<\/div>\n\t\t\t\t\t<div class=\"elementor-gallery__container\">\n\t\t\t\t\t\t\t<a class=\"e-gallery-item elementor-gallery-item elementor-animated-content\" data-e-gallery-tags=\"0\" href=\"https:\/\/be-roll.hu\/wp-content\/uploads\/2026\/01\/be-roll-hostess-ajsa-00004.webp\" data-elementor-open-lightbox=\"yes\" data-elementor-lightbox-slideshow=\"2b7dbc9d\" data-elementor-lightbox-title=\"Ajsa\" data-elementor-lightbox-description=\"Ajsa\" data-e-action-hash=\"#elementor-action%3Aaction%3Dlightbox%26settings%3DeyJpZCI6MTA2NTMsInVybCI6Imh0dHBzOlwvXC9iZS1yb2xsLmh1XC93cC1jb250ZW50XC91cGxvYWRzXC8yMDI2XC8wMVwvYmUtcm9sbC1ob3N0ZXNzLWFqc2EtMDAwMDQud2VicCIsInNsaWRlc2hvdyI6IjJiN2RiYzlkIn0%3D\">\n\t\t\t\t\t<div class=\"e-gallery-image elementor-gallery-item__image\" data-thumbnail=\"https:\/\/be-roll.hu\/wp-content\/uploads\/2026\/01\/be-roll-hostess-ajsa-00004-750x1000.webp\" data-width=\"750\" data-height=\"1000\" aria-label=\"Ajsa\" role=\"img\" ><\/div>\n\t\t\t\t\t\t\t\t\t\t\t<div class=\"elementor-gallery-item__overlay\"><\/div>\n\t\t\t\t\t\t\t\t\t\t\t\t\t\t\t<div class=\"elementor-gallery-item__content\">\n\t\t\t\t\t\t\t\t\t\t\t\t\t\t<div class=\"elementor-gallery-item__title\">\n\t\t\t\t\t\t\t\t\t\t\t\t\t\t\t\t\t\tAjsa\t\t\t\t\t\t\t\t<\/div>\n\t\t\t\t\t\t\t\t\t\t\t\t<\/div>\n\t\t\t\t\t\t\t\t\t<\/a>\n\t\t\t\t\t\t\t<a class=\"e-gallery-item elementor-gallery-item elementor-animated-content\" data-e-gallery-tags=\"0\" href=\"https:\/\/be-roll.hu\/wp-content\/uploads\/2026\/02\/be-roll-hostess-ajsa-0010.webp\" data-elementor-open-lightbox=\"yes\" data-elementor-lightbox-slideshow=\"2b7dbc9d\" data-elementor-lightbox-title=\"Ajsa\" data-elementor-lightbox-description=\"Ajsa\" data-e-action-hash=\"#elementor-action%3Aaction%3Dlightbox%26settings%3DeyJpZCI6MTMyNzIsInVybCI6Imh0dHBzOlwvXC9iZS1yb2xsLmh1XC93cC1jb250ZW50XC91cGxvYWRzXC8yMDI2XC8wMlwvYmUtcm9sbC1ob3N0ZXNzLWFqc2EtMDAxMC53ZWJwIiwic2xpZGVzaG93IjoiMmI3ZGJjOWQifQ%3D%3D\">\n\t\t\t\t\t<div class=\"e-gallery-image elementor-gallery-item__image\" data-thumbnail=\"https:\/\/be-roll.hu\/wp-content\/uploads\/2026\/02\/be-roll-hostess-ajsa-0010-800x1000.webp\" data-width=\"800\" data-height=\"1000\" aria-label=\"Ajsa\" role=\"img\" ><\/div>\n\t\t\t\t\t\t\t\t\t\t\t<div class=\"elementor-gallery-item__overlay\"><\/div>\n\t\t\t\t\t\t\t\t\t\t\t\t\t\t\t<div class=\"elementor-gallery-item__content\">\n\t\t\t\t\t\t\t\t\t\t\t\t\t\t<div class=\"elementor-gallery-item__title\">\n\t\t\t\t\t\t\t\t\t\t\t\t\t\t\t\t\t\tAjsa\t\t\t\t\t\t\t\t<\/div>\n\t\t\t\t\t\t\t\t\t\t\t\t<\/div>\n\t\t\t\t\t\t\t\t\t<\/a>\n\t\t\t\t\t\t\t<a class=\"e-gallery-item elementor-gallery-item elementor-animated-content\" data-e-gallery-tags=\"0\" href=\"https:\/\/be-roll.hu\/wp-content\/uploads\/2026\/01\/be-roll-hostess-ajsa-00001.webp\" data-elementor-open-lightbox=\"yes\" data-elementor-lightbox-slideshow=\"2b7dbc9d\" data-elementor-lightbox-title=\"Ajsa\" data-elementor-lightbox-description=\"Ajsa\" data-e-action-hash=\"#elementor-action%3Aaction%3Dlightbox%26settings%3DeyJpZCI6MTA2NTAsInVybCI6Imh0dHBzOlwvXC9iZS1yb2xsLmh1XC93cC1jb250ZW50XC91cGxvYWRzXC8yMDI2XC8wMVwvYmUtcm9sbC1ob3N0ZXNzLWFqc2EtMDAwMDEud2VicCIsInNsaWRlc2hvdyI6IjJiN2RiYzlkIn0%3D\">\n\t\t\t\t\t<div class=\"e-gallery-image elementor-gallery-item__image\" data-thumbnail=\"https:\/\/be-roll.hu\/wp-content\/uploads\/2026\/01\/be-roll-hostess-ajsa-00001-542x1000.webp\" data-width=\"542\" data-height=\"1000\" aria-label=\"Ajsa\" role=\"img\" ><\/div>\n\t\t\t\t\t\t\t\t\t\t\t<div class=\"elementor-gallery-item__overlay\"><\/div>\n\t\t\t\t\t\t\t\t\t\t\t\t\t\t\t<div class=\"elementor-gallery-item__content\">\n\t\t\t\t\t\t\t\t\t\t\t\t\t\t<div class=\"elementor-gallery-item__title\">\n\t\t\t\t\t\t\t\t\t\t\t\t\t\t\t\t\t\tAjsa\t\t\t\t\t\t\t\t<\/div>\n\t\t\t\t\t\t\t\t\t\t\t\t<\/div>\n\t\t\t\t\t\t\t\t\t<\/a>\n\t\t\t\t\t\t\t<a class=\"e-gallery-item elementor-gallery-item elementor-animated-content\" data-e-gallery-tags=\"0\" href=\"https:\/\/be-roll.hu\/wp-content\/uploads\/2026\/01\/be-roll-hostess-ajsa-00006.webp\" data-elementor-open-lightbox=\"yes\" data-elementor-lightbox-slideshow=\"2b7dbc9d\" data-elementor-lightbox-title=\"Ajsa\" data-elementor-lightbox-description=\"Ajsa\" data-e-action-hash=\"#elementor-action%3Aaction%3Dlightbox%26settings%3DeyJpZCI6MTA2NTUsInVybCI6Imh0dHBzOlwvXC9iZS1yb2xsLmh1XC93cC1jb250ZW50XC91cGxvYWRzXC8yMDI2XC8wMVwvYmUtcm9sbC1ob3N0ZXNzLWFqc2EtMDAwMDYud2VicCIsInNsaWRlc2hvdyI6IjJiN2RiYzlkIn0%3D\">\n\t\t\t\t\t<div class=\"e-gallery-image elementor-gallery-item__image\" data-thumbnail=\"https:\/\/be-roll.hu\/wp-content\/uploads\/2026\/01\/be-roll-hostess-ajsa-00006-750x1000.webp\" data-width=\"750\" data-height=\"1000\" aria-label=\"Ajsa\" role=\"img\" ><\/div>\n\t\t\t\t\t\t\t\t\t\t\t<div class=\"elementor-gallery-item__overlay\"><\/div>\n\t\t\t\t\t\t\t\t\t\t\t\t\t\t\t<div class=\"elementor-gallery-item__content\">\n\t\t\t\t\t\t\t\t\t\t\t\t\t\t<div class=\"elementor-gallery-item__title\">\n\t\t\t\t\t\t\t\t\t\t\t\t\t\t\t\t\t\tAjsa\t\t\t\t\t\t\t\t<\/div>\n\t\t\t\t\t\t\t\t\t\t\t\t<\/div>\n\t\t\t\t\t\t\t\t\t<\/a>\n\t\t\t\t\t\t\t<a class=\"e-gallery-item elementor-gallery-item elementor-animated-content\" data-e-gallery-tags=\"0\" href=\"https:\/\/be-roll.hu\/wp-content\/uploads\/2026\/01\/be-roll-hostess-ajsa-00007.webp\" data-elementor-open-lightbox=\"yes\" data-elementor-lightbox-slideshow=\"2b7dbc9d\" data-elementor-lightbox-title=\"Ajsa\" data-elementor-lightbox-description=\"Ajsa\" data-e-action-hash=\"#elementor-action%3Aaction%3Dlightbox%26settings%3DeyJpZCI6MTA2NTYsInVybCI6Imh0dHBzOlwvXC9iZS1yb2xsLmh1XC93cC1jb250ZW50XC91cGxvYWRzXC8yMDI2XC8wMVwvYmUtcm9sbC1ob3N0ZXNzLWFqc2EtMDAwMDcud2VicCIsInNsaWRlc2hvdyI6IjJiN2RiYzlkIn0%3D\">\n\t\t\t\t\t<div class=\"e-gallery-image elementor-gallery-item__image\" data-thumbnail=\"https:\/\/be-roll.hu\/wp-content\/uploads\/2026\/01\/be-roll-hostess-ajsa-00007-750x1000.webp\" data-width=\"750\" data-height=\"1000\" aria-label=\"Ajsa\" role=\"img\" ><\/div>\n\t\t\t\t\t\t\t\t\t\t\t<div class=\"elementor-gallery-item__overlay\"><\/div>\n\t\t\t\t\t\t\t\t\t\t\t\t\t\t\t<div class=\"elementor-gallery-item__content\">\n\t\t\t\t\t\t\t\t\t\t\t\t\t\t<div class=\"elementor-gallery-item__title\">\n\t\t\t\t\t\t\t\t\t\t\t\t\t\t\t\t\t\tAjsa\t\t\t\t\t\t\t\t<\/div>\n\t\t\t\t\t\t\t\t\t\t\t\t<\/div>\n\t\t\t\t\t\t\t\t\t<\/a>\n\t\t\t\t\t\t\t<a class=\"e-gallery-item elementor-gallery-item elementor-animated-content\" data-e-gallery-tags=\"0\" href=\"https:\/\/be-roll.hu\/wp-content\/uploads\/2026\/01\/be-roll-hostess-ajsa-00002.webp\" data-elementor-open-lightbox=\"yes\" data-elementor-lightbox-slideshow=\"2b7dbc9d\" data-elementor-lightbox-title=\"Ajsa\" data-elementor-lightbox-description=\"Ajsa\" data-e-action-hash=\"#elementor-action%3Aaction%3Dlightbox%26settings%3DeyJpZCI6MTA2NTEsInVybCI6Imh0dHBzOlwvXC9iZS1yb2xsLmh1XC93cC1jb250ZW50XC91cGxvYWRzXC8yMDI2XC8wMVwvYmUtcm9sbC1ob3N0ZXNzLWFqc2EtMDAwMDIud2VicCIsInNsaWRlc2hvdyI6IjJiN2RiYzlkIn0%3D\">\n\t\t\t\t\t<div class=\"e-gallery-image elementor-gallery-item__image\" data-thumbnail=\"https:\/\/be-roll.hu\/wp-content\/uploads\/2026\/01\/be-roll-hostess-ajsa-00002-668x1000.webp\" data-width=\"668\" data-height=\"1000\" aria-label=\"Ajsa\" role=\"img\" ><\/div>\n\t\t\t\t\t\t\t\t\t\t\t<div class=\"elementor-gallery-item__overlay\"><\/div>\n\t\t\t\t\t\t\t\t\t\t\t\t\t\t\t<div class=\"elementor-gallery-item__content\">\n\t\t\t\t\t\t\t\t\t\t\t\t\t\t<div class=\"elementor-gallery-item__title\">\n\t\t\t\t\t\t\t\t\t\t\t\t\t\t\t\t\t\tAjsa\t\t\t\t\t\t\t\t<\/div>\n\t\t\t\t\t\t\t\t\t\t\t\t<\/div>\n\t\t\t\t\t\t\t\t\t<\/a>\n\t\t\t\t\t\t\t<a class=\"e-gallery-item elementor-gallery-item elementor-animated-content\" data-e-gallery-tags=\"0\" href=\"https:\/\/be-roll.hu\/wp-content\/uploads\/2026\/01\/be-roll-hostess-ajsa-00008.webp\" data-elementor-open-lightbox=\"yes\" data-elementor-lightbox-slideshow=\"2b7dbc9d\" data-elementor-lightbox-title=\"Ajsa\" data-elementor-lightbox-description=\"Ajsa\" data-e-action-hash=\"#elementor-action%3Aaction%3Dlightbox%26settings%3DeyJpZCI6MTA2NTcsInVybCI6Imh0dHBzOlwvXC9iZS1yb2xsLmh1XC93cC1jb250ZW50XC91cGxvYWRzXC8yMDI2XC8wMVwvYmUtcm9sbC1ob3N0ZXNzLWFqc2EtMDAwMDgud2VicCIsInNsaWRlc2hvdyI6IjJiN2RiYzlkIn0%3D\">\n\t\t\t\t\t<div class=\"e-gallery-image elementor-gallery-item__image\" data-thumbnail=\"https:\/\/be-roll.hu\/wp-content\/uploads\/2026\/01\/be-roll-hostess-ajsa-00008-750x1000.webp\" data-width=\"750\" data-height=\"1000\" aria-label=\"Ajsa\" role=\"img\" ><\/div>\n\t\t\t\t\t\t\t\t\t\t\t<div class=\"elementor-gallery-item__overlay\"><\/div>\n\t\t\t\t\t\t\t\t\t\t\t\t\t\t\t<div class=\"elementor-gallery-item__content\">\n\t\t\t\t\t\t\t\t\t\t\t\t\t\t<div class=\"elementor-gallery-item__title\">\n\t\t\t\t\t\t\t\t\t\t\t\t\t\t\t\t\t\tAjsa\t\t\t\t\t\t\t\t<\/div>\n\t\t\t\t\t\t\t\t\t\t\t\t<\/div>\n\t\t\t\t\t\t\t\t\t<\/a>\n\t\t\t\t\t\t\t<a class=\"e-gallery-item elementor-gallery-item elementor-animated-content\" data-e-gallery-tags=\"0\" href=\"https:\/\/be-roll.hu\/wp-content\/uploads\/2026\/01\/be-roll-hostess-ajsa-00005.webp\" data-elementor-open-lightbox=\"yes\" data-elementor-lightbox-slideshow=\"2b7dbc9d\" data-elementor-lightbox-title=\"Ajsa\" data-elementor-lightbox-description=\"Ajsa\" data-e-action-hash=\"#elementor-action%3Aaction%3Dlightbox%26settings%3DeyJpZCI6MTA2NTQsInVybCI6Imh0dHBzOlwvXC9iZS1yb2xsLmh1XC93cC1jb250ZW50XC91cGxvYWRzXC8yMDI2XC8wMVwvYmUtcm9sbC1ob3N0ZXNzLWFqc2EtMDAwMDUud2VicCIsInNsaWRlc2hvdyI6IjJiN2RiYzlkIn0%3D\">\n\t\t\t\t\t<div class=\"e-gallery-image elementor-gallery-item__image\" data-thumbnail=\"https:\/\/be-roll.hu\/wp-content\/uploads\/2026\/01\/be-roll-hostess-ajsa-00005-750x1000.webp\" data-width=\"750\" data-height=\"1000\" aria-label=\"Ajsa\" role=\"img\" ><\/div>\n\t\t\t\t\t\t\t\t\t\t\t<div class=\"elementor-gallery-item__overlay\"><\/div>\n\t\t\t\t\t\t\t\t\t\t\t\t\t\t\t<div class=\"elementor-gallery-item__content\">\n\t\t\t\t\t\t\t\t\t\t\t\t\t\t<div class=\"elementor-gallery-item__title\">\n\t\t\t\t\t\t\t\t\t\t\t\t\t\t\t\t\t\tAjsa\t\t\t\t\t\t\t\t<\/div>\n\t\t\t\t\t\t\t\t\t\t\t\t<\/div>\n\t\t\t\t\t\t\t\t\t<\/a>\n\t\t\t\t\t\t\t<a class=\"e-gallery-item elementor-gallery-item elementor-animated-content\" data-e-gallery-tags=\"0\" href=\"https:\/\/be-roll.hu\/wp-content\/uploads\/2026\/01\/be-roll-hostess-ajsa-00003.webp\" data-elementor-open-lightbox=\"yes\" data-elementor-lightbox-slideshow=\"2b7dbc9d\" data-elementor-lightbox-title=\"Ajsa\" data-elementor-lightbox-description=\"Ajsa\" data-e-action-hash=\"#elementor-action%3Aaction%3Dlightbox%26settings%3DeyJpZCI6MTA2NTIsInVybCI6Imh0dHBzOlwvXC9iZS1yb2xsLmh1XC93cC1jb250ZW50XC91cGxvYWRzXC8yMDI2XC8wMVwvYmUtcm9sbC1ob3N0ZXNzLWFqc2EtMDAwMDMud2VicCIsInNsaWRlc2hvdyI6IjJiN2RiYzlkIn0%3D\">\n\t\t\t\t\t<div class=\"e-gallery-image elementor-gallery-item__image\" data-thumbnail=\"https:\/\/be-roll.hu\/wp-content\/uploads\/2026\/01\/be-roll-hostess-ajsa-00003-800x1000.webp\" data-width=\"800\" data-height=\"1000\" aria-label=\"Ajsa\" role=\"img\" ><\/div>\n\t\t\t\t\t\t\t\t\t\t\t<div class=\"elementor-gallery-item__overlay\"><\/div>\n\t\t\t\t\t\t\t\t\t\t\t\t\t\t\t<div class=\"elementor-gallery-item__content\">\n\t\t\t\t\t\t\t\t\t\t\t\t\t\t<div class=\"elementor-gallery-item__title\">\n\t\t\t\t\t\t\t\t\t\t\t\t\t\t\t\t\t\tAjsa\t\t\t\t\t\t\t\t<\/div>\n\t\t\t\t\t\t\t\t\t\t\t\t<\/div>\n\t\t\t\t\t\t\t\t\t<\/a>\n\t\t\t\t\t<\/div>\n\t\t\t\t\t<\/div>\n\t\t\t\t<\/div>\n\t\t\t\t\t<\/div>\n\t\t\t\t<\/div>\n\t\t<div class=\"elementor-element elementor-element-e55ae2e e-flex e-con-boxed e-con e-parent\" data-id=\"e55ae2e\" data-element_type=\"container\" data-e-type=\"container\">\n\t\t\t\t\t<div class=\"e-con-inner\">\n\t\t<div class=\"elementor-element elementor-element-28da35e e-con-full e-flex e-con e-child\" data-id=\"28da35e\" data-element_type=\"container\" data-e-type=\"container\">\n\t\t\t\t<div class=\"elementor-element elementor-element-50e3a77 elementor-widget elementor-widget-spacer\" data-id=\"50e3a77\" data-element_type=\"widget\" data-e-type=\"widget\" data-widget_type=\"spacer.default\">\n\t\t\t\t\t\t<div class=\"elementor-widget-container\">\n\t\t\t\t\t\t\t<div class=\"elementor-spacer\">\n\t\t\t<div class=\"elementor-spacer-inner\"><\/div>\n\t\t<\/div>\n\t\t\t\t\t\t<\/div>\n\t\t\t\t<\/div>\n\t\t\t\t<\/div>\n\t\t<div class=\"elementor-element elementor-element-3a2e47a e-con-full e-flex e-con e-child\" data-id=\"3a2e47a\" data-element_type=\"container\" data-e-type=\"container\">\n\t\t\t\t<div class=\"elementor-element elementor-element-66c67c1 elementor-widget elementor-widget-button\" data-id=\"66c67c1\" data-element_type=\"widget\" data-e-type=\"widget\" data-widget_type=\"button.default\">\n\t\t\t\t\t\t<div class=\"elementor-widget-container\">\n\t\t\t\t\t\t\t\t\t<div class=\"elementor-button-wrapper\">\n\t\t\t\t\t<a class=\"elementor-button elementor-button-link elementor-size-sm\" href=\"#ajanlatot_kerek\">\n\t\t\t\t\t\t<span class=\"elementor-button-content-wrapper\">\n\t\t\t\t\t\t\t\t\t<span class=\"elementor-button-text\">Aj\u00e1nlatot k\u00e9rek<\/span>\n\t\t\t\t\t<\/span>\n\t\t\t\t\t<\/a>\n\t\t\t\t<\/div>\n\t\t\t\t\t\t\t\t<\/div>\n\t\t\t\t<\/div>\n\t\t\t\t<div class=\"elementor-element elementor-element-f1762f8 elementor-widget elementor-widget-button\" data-id=\"f1762f8\" data-element_type=\"widget\" data-e-type=\"widget\" data-widget_type=\"button.default\">\n\t\t\t\t\t\t<div class=\"elementor-widget-container\">\n\t\t\t\t\t\t\t\t\t<div class=\"elementor-button-wrapper\">\n\t\t\t\t\t<a class=\"elementor-button elementor-button-link elementor-size-sm\" href=\"https:\/\/be-roll.hu\/hu_hu\/hostesseink\/\">\n\t\t\t\t\t\t<span class=\"elementor-button-content-wrapper\">\n\t\t\t\t\t\t\t\t\t<span class=\"elementor-button-text\">Megn\u00e9zem a t\u00f6bbi hostesst is<\/span>\n\t\t\t\t\t<\/span>\n\t\t\t\t\t<\/a>\n\t\t\t\t<\/div>\n\t\t\t\t\t\t\t\t<\/div>\n\t\t\t\t<\/div>\n\t\t\t\t<\/div>\n\t\t\t\t\t<\/div>\n\t\t\t\t<\/div>\n\t\t<div class=\"elementor-element elementor-element-417e09d e-flex e-con-boxed e-con e-parent\" data-id=\"417e09d\" data-element_type=\"container\" data-e-type=\"container\">\n\t\t\t\t\t<div class=\"e-con-inner\">\n\t\t\t\t<div class=\"elementor-element elementor-element-4350426 elementor-widget elementor-widget-spacer\" data-id=\"4350426\" data-element_type=\"widget\" data-e-type=\"widget\" data-widget_type=\"spacer.default\">\n\t\t\t\t\t\t<div class=\"elementor-widget-container\">\n\t\t\t\t\t\t\t<div class=\"elementor-spacer\">\n\t\t\t<div class=\"elementor-spacer-inner\"><\/div>\n\t\t<\/div>\n\t\t\t\t\t\t<\/div>\n\t\t\t\t<\/div>\n\t\t\t\t\t<\/div>\n\t\t\t\t<\/div>\n\t\t\t\t<\/div>\n\t\t","protected":false},"excerpt":{"rendered":"<p>Ajsa Ajsa Ajsa Ajsa Ajsa Ajsa Ajsa Ajsa Ajsa Aj\u00e1nlatot k\u00e9rek Megn\u00e9zem a t\u00f6bbi hostesst is<\/p>\n","protected":false},"author":1,"featured_media":11467,"parent":0,"menu_order":0,"comment_status":"closed","ping_status":"closed","template":"","meta":{"_seopress_robots_primary_cat":"","_seopress_titles_title":"Ajsa - Be-Roll Hostess \u00dcgyn\u00f6ks\u00e9g","_seopress_titles_desc":"Ajsa \u2013 Hostess","_seopress_robots_index":"","footnotes":""},"class_list":["post-11457","page","type-page","status-publish","has-post-thumbnail","hentry"],"_links":{"self":[{"href":"https:\/\/be-roll.hu\/hu_hu\/wp-json\/wp\/v2\/pages\/11457","targetHints":{"allow":["GET"]}}],"collection":[{"href":"https:\/\/be-roll.hu\/hu_hu\/wp-json\/wp\/v2\/pages"}],"about":[{"href":"https:\/\/be-roll.hu\/hu_hu\/wp-json\/wp\/v2\/types\/page"}],"author":[{"embeddable":true,"href":"https:\/\/be-roll.hu\/hu_hu\/wp-json\/wp\/v2\/users\/1"}],"replies":[{"embeddable":true,"href":"https:\/\/be-roll.hu\/hu_hu\/wp-json\/wp\/v2\/comments?post=11457"}],"version-history":[{"count":43,"href":"https:\/\/be-roll.hu\/hu_hu\/wp-json\/wp\/v2\/pages\/11457\/revisions"}],"predecessor-version":[{"id":13275,"href":"https:\/\/be-roll.hu\/hu_hu\/wp-json\/wp\/v2\/pages\/11457\/revisions\/13275"}],"wp:featuredmedia":[{"embeddable":true,"href":"https:\/\/be-roll.hu\/hu_hu\/wp-json\/wp\/v2\/media\/11467"}],"wp:attachment":[{"href":"https:\/\/be-roll.hu\/hu_hu\/wp-json\/wp\/v2\/media?parent=11457"}],"curies":[{"name":"wp","href":"https:\/\/api.w.org\/{rel}","templated":true}]}}