{"id":11482,"date":"2026-01-27T14:05:03","date_gmt":"2026-01-27T13:05:03","guid":{"rendered":"https:\/\/be-roll.hu\/?page_id=11482"},"modified":"2026-02-16T12:47:37","modified_gmt":"2026-02-16T11:47:37","slug":"nina-hostess","status":"publish","type":"page","link":"https:\/\/be-roll.hu\/hu_hu\/nina-hostess\/","title":{"rendered":"Nina \u2013 Hostess"},"content":{"rendered":"\t\t<div data-elementor-type=\"wp-page\" data-elementor-id=\"11482\" class=\"elementor elementor-11482\" data-elementor-post-type=\"page\">\n\t\t\t\t<div class=\"elementor-element elementor-element-467f622b e-flex e-con-boxed e-con e-parent\" data-id=\"467f622b\" data-element_type=\"container\" data-e-type=\"container\">\n\t\t\t\t\t<div class=\"e-con-inner\">\n\t\t\t\t<div class=\"elementor-element elementor-element-644d1cae elementor-widget elementor-widget-gallery\" data-id=\"644d1cae\" data-element_type=\"widget\" data-e-type=\"widget\" data-settings=\"{&quot;gallery_layout&quot;:&quot;masonry&quot;,&quot;columns&quot;:3,&quot;gap&quot;:{&quot;unit&quot;:&quot;px&quot;,&quot;size&quot;:14,&quot;sizes&quot;:[]},&quot;overlay_title&quot;:&quot;alt&quot;,&quot;lazyload&quot;:&quot;yes&quot;,&quot;columns_tablet&quot;:2,&quot;columns_mobile&quot;:1,&quot;gap_tablet&quot;:{&quot;unit&quot;:&quot;px&quot;,&quot;size&quot;:10,&quot;sizes&quot;:[]},&quot;gap_mobile&quot;:{&quot;unit&quot;:&quot;px&quot;,&quot;size&quot;:10,&quot;sizes&quot;:[]},&quot;link_to&quot;:&quot;file&quot;,&quot;overlay_background&quot;:&quot;yes&quot;,&quot;content_hover_animation&quot;:&quot;fade-in&quot;}\" data-widget_type=\"gallery.default\">\n\t\t\t\t\t\t<div class=\"elementor-widget-container\">\n\t\t\t\t\t\t\t\t<div class=\"elementor-gallery__titles-container e--pointer-none\" aria-label=\"Gallery filter\">\n\t\t\t\t\n\t\t\t\t\t\t\t\t\t<a class=\"elementor-item elementor-gallery-title\" role=\"button\" tabindex=\"0\" data-gallery-index=\"0\">\n\t\t\t\t\t\t\t\t\t\t\t<\/a>\n\t\t\t\t\t\t\t\t<\/div>\n\t\t\t\t\t<div class=\"elementor-gallery__container\">\n\t\t\t\t\t\t\t<a class=\"e-gallery-item elementor-gallery-item elementor-animated-content\" data-e-gallery-tags=\"0\" href=\"https:\/\/be-roll.hu\/wp-content\/uploads\/2026\/02\/be-roll-hostess-nina-00014.webp\" data-elementor-open-lightbox=\"yes\" data-elementor-lightbox-slideshow=\"644d1cae\" data-elementor-lightbox-title=\"Nina\" data-elementor-lightbox-description=\"Nina\" data-e-action-hash=\"#elementor-action%3Aaction%3Dlightbox%26settings%3DeyJpZCI6MTIxNzUsInVybCI6Imh0dHBzOlwvXC9iZS1yb2xsLmh1XC93cC1jb250ZW50XC91cGxvYWRzXC8yMDI2XC8wMlwvYmUtcm9sbC1ob3N0ZXNzLW5pbmEtMDAwMTQud2VicCIsInNsaWRlc2hvdyI6IjY0NGQxY2FlIn0%3D\">\n\t\t\t\t\t<div class=\"e-gallery-image elementor-gallery-item__image\" data-thumbnail=\"https:\/\/be-roll.hu\/wp-content\/uploads\/2026\/02\/be-roll-hostess-nina-00014-750x1000.webp\" data-width=\"750\" data-height=\"1000\" aria-label=\"Nina\" role=\"img\" ><\/div>\n\t\t\t\t\t\t\t\t\t\t\t<div class=\"elementor-gallery-item__overlay\"><\/div>\n\t\t\t\t\t\t\t\t\t\t\t\t\t\t\t<div class=\"elementor-gallery-item__content\">\n\t\t\t\t\t\t\t\t\t\t\t\t\t\t<div class=\"elementor-gallery-item__title\">\n\t\t\t\t\t\t\t\t\t\t\t\t\t\t\t\t\t\tNina\t\t\t\t\t\t\t\t<\/div>\n\t\t\t\t\t\t\t\t\t\t\t\t<\/div>\n\t\t\t\t\t\t\t\t\t<\/a>\n\t\t\t\t\t\t\t<a class=\"e-gallery-item elementor-gallery-item elementor-animated-content\" data-e-gallery-tags=\"0\" href=\"https:\/\/be-roll.hu\/wp-content\/uploads\/2026\/01\/be-roll-hostess-nina-00005.webp\" data-elementor-open-lightbox=\"yes\" data-elementor-lightbox-slideshow=\"644d1cae\" data-elementor-lightbox-title=\"Nina\" data-elementor-lightbox-description=\"Nina\" data-e-action-hash=\"#elementor-action%3Aaction%3Dlightbox%26settings%3DeyJpZCI6MTA3MDQsInVybCI6Imh0dHBzOlwvXC9iZS1yb2xsLmh1XC93cC1jb250ZW50XC91cGxvYWRzXC8yMDI2XC8wMVwvYmUtcm9sbC1ob3N0ZXNzLW5pbmEtMDAwMDUud2VicCIsInNsaWRlc2hvdyI6IjY0NGQxY2FlIn0%3D\">\n\t\t\t\t\t<div class=\"e-gallery-image elementor-gallery-item__image\" data-thumbnail=\"https:\/\/be-roll.hu\/wp-content\/uploads\/2026\/01\/be-roll-hostess-nina-00005-750x1000.webp\" data-width=\"750\" data-height=\"1000\" aria-label=\"Nina\" role=\"img\" ><\/div>\n\t\t\t\t\t\t\t\t\t\t\t<div class=\"elementor-gallery-item__overlay\"><\/div>\n\t\t\t\t\t\t\t\t\t\t\t\t\t\t\t<div class=\"elementor-gallery-item__content\">\n\t\t\t\t\t\t\t\t\t\t\t\t\t\t<div class=\"elementor-gallery-item__title\">\n\t\t\t\t\t\t\t\t\t\t\t\t\t\t\t\t\t\tNina\t\t\t\t\t\t\t\t<\/div>\n\t\t\t\t\t\t\t\t\t\t\t\t<\/div>\n\t\t\t\t\t\t\t\t\t<\/a>\n\t\t\t\t\t\t\t<a class=\"e-gallery-item elementor-gallery-item elementor-animated-content\" data-e-gallery-tags=\"0\" href=\"https:\/\/be-roll.hu\/wp-content\/uploads\/2026\/02\/be-roll-hostess-nina-00009.webp\" data-elementor-open-lightbox=\"yes\" data-elementor-lightbox-slideshow=\"644d1cae\" data-elementor-lightbox-title=\"Nina\" data-elementor-lightbox-description=\"Nina\" data-e-action-hash=\"#elementor-action%3Aaction%3Dlightbox%26settings%3DeyJpZCI6MTIxNzEsInVybCI6Imh0dHBzOlwvXC9iZS1yb2xsLmh1XC93cC1jb250ZW50XC91cGxvYWRzXC8yMDI2XC8wMlwvYmUtcm9sbC1ob3N0ZXNzLW5pbmEtMDAwMDkud2VicCIsInNsaWRlc2hvdyI6IjY0NGQxY2FlIn0%3D\">\n\t\t\t\t\t<div class=\"e-gallery-image elementor-gallery-item__image\" data-thumbnail=\"https:\/\/be-roll.hu\/wp-content\/uploads\/2026\/02\/be-roll-hostess-nina-00009-563x1000.webp\" data-width=\"563\" data-height=\"1000\" aria-label=\"Nina\" role=\"img\" ><\/div>\n\t\t\t\t\t\t\t\t\t\t\t<div class=\"elementor-gallery-item__overlay\"><\/div>\n\t\t\t\t\t\t\t\t\t\t\t\t\t\t\t<div class=\"elementor-gallery-item__content\">\n\t\t\t\t\t\t\t\t\t\t\t\t\t\t<div class=\"elementor-gallery-item__title\">\n\t\t\t\t\t\t\t\t\t\t\t\t\t\t\t\t\t\tNina\t\t\t\t\t\t\t\t<\/div>\n\t\t\t\t\t\t\t\t\t\t\t\t<\/div>\n\t\t\t\t\t\t\t\t\t<\/a>\n\t\t\t\t\t\t\t<a class=\"e-gallery-item elementor-gallery-item elementor-animated-content\" data-e-gallery-tags=\"0\" href=\"https:\/\/be-roll.hu\/wp-content\/uploads\/2026\/02\/be-roll-hostess-nina-00011.webp\" data-elementor-open-lightbox=\"yes\" data-elementor-lightbox-slideshow=\"644d1cae\" data-elementor-lightbox-title=\"Nina\" data-elementor-lightbox-description=\"Nina\" data-e-action-hash=\"#elementor-action%3Aaction%3Dlightbox%26settings%3DeyJpZCI6MTIxNzIsInVybCI6Imh0dHBzOlwvXC9iZS1yb2xsLmh1XC93cC1jb250ZW50XC91cGxvYWRzXC8yMDI2XC8wMlwvYmUtcm9sbC1ob3N0ZXNzLW5pbmEtMDAwMTEud2VicCIsInNsaWRlc2hvdyI6IjY0NGQxY2FlIn0%3D\">\n\t\t\t\t\t<div class=\"e-gallery-image elementor-gallery-item__image\" data-thumbnail=\"https:\/\/be-roll.hu\/wp-content\/uploads\/2026\/02\/be-roll-hostess-nina-00011-627x1000.webp\" data-width=\"627\" data-height=\"1000\" aria-label=\"Nina\" role=\"img\" ><\/div>\n\t\t\t\t\t\t\t\t\t\t\t<div class=\"elementor-gallery-item__overlay\"><\/div>\n\t\t\t\t\t\t\t\t\t\t\t\t\t\t\t<div class=\"elementor-gallery-item__content\">\n\t\t\t\t\t\t\t\t\t\t\t\t\t\t<div class=\"elementor-gallery-item__title\">\n\t\t\t\t\t\t\t\t\t\t\t\t\t\t\t\t\t\tNina\t\t\t\t\t\t\t\t<\/div>\n\t\t\t\t\t\t\t\t\t\t\t\t<\/div>\n\t\t\t\t\t\t\t\t\t<\/a>\n\t\t\t\t\t\t\t<a class=\"e-gallery-item elementor-gallery-item elementor-animated-content\" data-e-gallery-tags=\"0\" href=\"https:\/\/be-roll.hu\/wp-content\/uploads\/2026\/02\/be-roll-hostess-nina-00015.webp\" data-elementor-open-lightbox=\"yes\" data-elementor-lightbox-slideshow=\"644d1cae\" data-elementor-lightbox-title=\"Nina\" data-elementor-lightbox-description=\"Nina\" data-e-action-hash=\"#elementor-action%3Aaction%3Dlightbox%26settings%3DeyJpZCI6MTIxNzYsInVybCI6Imh0dHBzOlwvXC9iZS1yb2xsLmh1XC93cC1jb250ZW50XC91cGxvYWRzXC8yMDI2XC8wMlwvYmUtcm9sbC1ob3N0ZXNzLW5pbmEtMDAwMTUud2VicCIsInNsaWRlc2hvdyI6IjY0NGQxY2FlIn0%3D\">\n\t\t\t\t\t<div class=\"e-gallery-image elementor-gallery-item__image\" data-thumbnail=\"https:\/\/be-roll.hu\/wp-content\/uploads\/2026\/02\/be-roll-hostess-nina-00015-750x1000.webp\" data-width=\"750\" data-height=\"1000\" aria-label=\"Nina\" role=\"img\" ><\/div>\n\t\t\t\t\t\t\t\t\t\t\t<div class=\"elementor-gallery-item__overlay\"><\/div>\n\t\t\t\t\t\t\t\t\t\t\t\t\t\t\t<div class=\"elementor-gallery-item__content\">\n\t\t\t\t\t\t\t\t\t\t\t\t\t\t<div class=\"elementor-gallery-item__title\">\n\t\t\t\t\t\t\t\t\t\t\t\t\t\t\t\t\t\tNina\t\t\t\t\t\t\t\t<\/div>\n\t\t\t\t\t\t\t\t\t\t\t\t<\/div>\n\t\t\t\t\t\t\t\t\t<\/a>\n\t\t\t\t\t\t\t<a class=\"e-gallery-item elementor-gallery-item elementor-animated-content\" data-e-gallery-tags=\"0\" href=\"https:\/\/be-roll.hu\/wp-content\/uploads\/2026\/01\/be-roll-hostess-nina-00006.webp\" data-elementor-open-lightbox=\"yes\" data-elementor-lightbox-slideshow=\"644d1cae\" data-elementor-lightbox-title=\"Nina\" data-elementor-lightbox-description=\"Nina\" data-e-action-hash=\"#elementor-action%3Aaction%3Dlightbox%26settings%3DeyJpZCI6MTA3MDUsInVybCI6Imh0dHBzOlwvXC9iZS1yb2xsLmh1XC93cC1jb250ZW50XC91cGxvYWRzXC8yMDI2XC8wMVwvYmUtcm9sbC1ob3N0ZXNzLW5pbmEtMDAwMDYud2VicCIsInNsaWRlc2hvdyI6IjY0NGQxY2FlIn0%3D\">\n\t\t\t\t\t<div class=\"e-gallery-image elementor-gallery-item__image\" data-thumbnail=\"https:\/\/be-roll.hu\/wp-content\/uploads\/2026\/01\/be-roll-hostess-nina-00006-750x1000.webp\" data-width=\"750\" data-height=\"1000\" aria-label=\"Nina\" role=\"img\" ><\/div>\n\t\t\t\t\t\t\t\t\t\t\t<div class=\"elementor-gallery-item__overlay\"><\/div>\n\t\t\t\t\t\t\t\t\t\t\t\t\t\t\t<div class=\"elementor-gallery-item__content\">\n\t\t\t\t\t\t\t\t\t\t\t\t\t\t<div class=\"elementor-gallery-item__title\">\n\t\t\t\t\t\t\t\t\t\t\t\t\t\t\t\t\t\tNina\t\t\t\t\t\t\t\t<\/div>\n\t\t\t\t\t\t\t\t\t\t\t\t<\/div>\n\t\t\t\t\t\t\t\t\t<\/a>\n\t\t\t\t\t\t\t<a class=\"e-gallery-item elementor-gallery-item elementor-animated-content\" data-e-gallery-tags=\"0\" href=\"https:\/\/be-roll.hu\/wp-content\/uploads\/2026\/02\/be-roll-hostess-nina-00012.webp\" data-elementor-open-lightbox=\"yes\" data-elementor-lightbox-slideshow=\"644d1cae\" data-elementor-lightbox-title=\"Nina\" data-elementor-lightbox-description=\"Nina\" data-e-action-hash=\"#elementor-action%3Aaction%3Dlightbox%26settings%3DeyJpZCI6MTIxNzMsInVybCI6Imh0dHBzOlwvXC9iZS1yb2xsLmh1XC93cC1jb250ZW50XC91cGxvYWRzXC8yMDI2XC8wMlwvYmUtcm9sbC1ob3N0ZXNzLW5pbmEtMDAwMTIud2VicCIsInNsaWRlc2hvdyI6IjY0NGQxY2FlIn0%3D\">\n\t\t\t\t\t<div class=\"e-gallery-image elementor-gallery-item__image\" data-thumbnail=\"https:\/\/be-roll.hu\/wp-content\/uploads\/2026\/02\/be-roll-hostess-nina-00012-750x1000.webp\" data-width=\"750\" data-height=\"1000\" aria-label=\"Nina\" role=\"img\" ><\/div>\n\t\t\t\t\t\t\t\t\t\t\t<div class=\"elementor-gallery-item__overlay\"><\/div>\n\t\t\t\t\t\t\t\t\t\t\t\t\t\t\t<div class=\"elementor-gallery-item__content\">\n\t\t\t\t\t\t\t\t\t\t\t\t\t\t<div class=\"elementor-gallery-item__title\">\n\t\t\t\t\t\t\t\t\t\t\t\t\t\t\t\t\t\tNina\t\t\t\t\t\t\t\t<\/div>\n\t\t\t\t\t\t\t\t\t\t\t\t<\/div>\n\t\t\t\t\t\t\t\t\t<\/a>\n\t\t\t\t\t\t\t<a class=\"e-gallery-item elementor-gallery-item elementor-animated-content\" data-e-gallery-tags=\"0\" href=\"https:\/\/be-roll.hu\/wp-content\/uploads\/2026\/01\/be-roll-hostess-nina-00003.webp\" data-elementor-open-lightbox=\"yes\" data-elementor-lightbox-slideshow=\"644d1cae\" data-elementor-lightbox-title=\"Nina\" data-elementor-lightbox-description=\"Nina\" data-e-action-hash=\"#elementor-action%3Aaction%3Dlightbox%26settings%3DeyJpZCI6MTA3MDIsInVybCI6Imh0dHBzOlwvXC9iZS1yb2xsLmh1XC93cC1jb250ZW50XC91cGxvYWRzXC8yMDI2XC8wMVwvYmUtcm9sbC1ob3N0ZXNzLW5pbmEtMDAwMDMud2VicCIsInNsaWRlc2hvdyI6IjY0NGQxY2FlIn0%3D\">\n\t\t\t\t\t<div class=\"e-gallery-image elementor-gallery-item__image\" data-thumbnail=\"https:\/\/be-roll.hu\/wp-content\/uploads\/2026\/01\/be-roll-hostess-nina-00003-750x1000.webp\" data-width=\"750\" data-height=\"1000\" aria-label=\"Nina\" role=\"img\" ><\/div>\n\t\t\t\t\t\t\t\t\t\t\t<div class=\"elementor-gallery-item__overlay\"><\/div>\n\t\t\t\t\t\t\t\t\t\t\t\t\t\t\t<div class=\"elementor-gallery-item__content\">\n\t\t\t\t\t\t\t\t\t\t\t\t\t\t<div class=\"elementor-gallery-item__title\">\n\t\t\t\t\t\t\t\t\t\t\t\t\t\t\t\t\t\tNina\t\t\t\t\t\t\t\t<\/div>\n\t\t\t\t\t\t\t\t\t\t\t\t<\/div>\n\t\t\t\t\t\t\t\t\t<\/a>\n\t\t\t\t\t\t\t<a class=\"e-gallery-item elementor-gallery-item elementor-animated-content\" data-e-gallery-tags=\"0\" href=\"https:\/\/be-roll.hu\/wp-content\/uploads\/2026\/02\/be-roll-hostess-nina-00017.webp\" data-elementor-open-lightbox=\"yes\" data-elementor-lightbox-slideshow=\"644d1cae\" data-elementor-lightbox-title=\"Nina\" data-elementor-lightbox-description=\"Nina\" data-e-action-hash=\"#elementor-action%3Aaction%3Dlightbox%26settings%3DeyJpZCI6MTIxNzcsInVybCI6Imh0dHBzOlwvXC9iZS1yb2xsLmh1XC93cC1jb250ZW50XC91cGxvYWRzXC8yMDI2XC8wMlwvYmUtcm9sbC1ob3N0ZXNzLW5pbmEtMDAwMTcud2VicCIsInNsaWRlc2hvdyI6IjY0NGQxY2FlIn0%3D\">\n\t\t\t\t\t<div class=\"e-gallery-image elementor-gallery-item__image\" data-thumbnail=\"https:\/\/be-roll.hu\/wp-content\/uploads\/2026\/02\/be-roll-hostess-nina-00017-667x1000.webp\" data-width=\"667\" data-height=\"1000\" aria-label=\"Nina\" role=\"img\" ><\/div>\n\t\t\t\t\t\t\t\t\t\t\t<div class=\"elementor-gallery-item__overlay\"><\/div>\n\t\t\t\t\t\t\t\t\t\t\t\t\t\t\t<div class=\"elementor-gallery-item__content\">\n\t\t\t\t\t\t\t\t\t\t\t\t\t\t<div class=\"elementor-gallery-item__title\">\n\t\t\t\t\t\t\t\t\t\t\t\t\t\t\t\t\t\tNina\t\t\t\t\t\t\t\t<\/div>\n\t\t\t\t\t\t\t\t\t\t\t\t<\/div>\n\t\t\t\t\t\t\t\t\t<\/a>\n\t\t\t\t\t\t\t<a class=\"e-gallery-item elementor-gallery-item elementor-animated-content\" data-e-gallery-tags=\"0\" href=\"https:\/\/be-roll.hu\/wp-content\/uploads\/2026\/02\/be-roll-hostess-nina-00007.webp\" data-elementor-open-lightbox=\"yes\" data-elementor-lightbox-slideshow=\"644d1cae\" data-elementor-lightbox-title=\"Nina\" data-elementor-lightbox-description=\"Nina\" data-e-action-hash=\"#elementor-action%3Aaction%3Dlightbox%26settings%3DeyJpZCI6MTIxNzAsInVybCI6Imh0dHBzOlwvXC9iZS1yb2xsLmh1XC93cC1jb250ZW50XC91cGxvYWRzXC8yMDI2XC8wMlwvYmUtcm9sbC1ob3N0ZXNzLW5pbmEtMDAwMDcud2VicCIsInNsaWRlc2hvdyI6IjY0NGQxY2FlIn0%3D\">\n\t\t\t\t\t<div class=\"e-gallery-image elementor-gallery-item__image\" data-thumbnail=\"https:\/\/be-roll.hu\/wp-content\/uploads\/2026\/02\/be-roll-hostess-nina-00007-1000x563.webp\" data-width=\"1000\" data-height=\"563\" aria-label=\"Nina\" role=\"img\" ><\/div>\n\t\t\t\t\t\t\t\t\t\t\t<div class=\"elementor-gallery-item__overlay\"><\/div>\n\t\t\t\t\t\t\t\t\t\t\t\t\t\t\t<div class=\"elementor-gallery-item__content\">\n\t\t\t\t\t\t\t\t\t\t\t\t\t\t<div class=\"elementor-gallery-item__title\">\n\t\t\t\t\t\t\t\t\t\t\t\t\t\t\t\t\t\tNina\t\t\t\t\t\t\t\t<\/div>\n\t\t\t\t\t\t\t\t\t\t\t\t<\/div>\n\t\t\t\t\t\t\t\t\t<\/a>\n\t\t\t\t\t\t\t<a class=\"e-gallery-item elementor-gallery-item elementor-animated-content\" data-e-gallery-tags=\"0\" href=\"https:\/\/be-roll.hu\/wp-content\/uploads\/2026\/01\/be-roll-hostess-nina-00004.webp\" data-elementor-open-lightbox=\"yes\" data-elementor-lightbox-slideshow=\"644d1cae\" data-elementor-lightbox-title=\"Nina\" data-elementor-lightbox-description=\"Nina\" data-e-action-hash=\"#elementor-action%3Aaction%3Dlightbox%26settings%3DeyJpZCI6MTA3MDMsInVybCI6Imh0dHBzOlwvXC9iZS1yb2xsLmh1XC93cC1jb250ZW50XC91cGxvYWRzXC8yMDI2XC8wMVwvYmUtcm9sbC1ob3N0ZXNzLW5pbmEtMDAwMDQud2VicCIsInNsaWRlc2hvdyI6IjY0NGQxY2FlIn0%3D\">\n\t\t\t\t\t<div class=\"e-gallery-image elementor-gallery-item__image\" data-thumbnail=\"https:\/\/be-roll.hu\/wp-content\/uploads\/2026\/01\/be-roll-hostess-nina-00004-750x1000.webp\" data-width=\"750\" data-height=\"1000\" aria-label=\"Nina\" role=\"img\" ><\/div>\n\t\t\t\t\t\t\t\t\t\t\t<div class=\"elementor-gallery-item__overlay\"><\/div>\n\t\t\t\t\t\t\t\t\t\t\t\t\t\t\t<div class=\"elementor-gallery-item__content\">\n\t\t\t\t\t\t\t\t\t\t\t\t\t\t<div class=\"elementor-gallery-item__title\">\n\t\t\t\t\t\t\t\t\t\t\t\t\t\t\t\t\t\tNina\t\t\t\t\t\t\t\t<\/div>\n\t\t\t\t\t\t\t\t\t\t\t\t<\/div>\n\t\t\t\t\t\t\t\t\t<\/a>\n\t\t\t\t\t\t\t<a class=\"e-gallery-item elementor-gallery-item elementor-animated-content\" data-e-gallery-tags=\"0\" href=\"https:\/\/be-roll.hu\/wp-content\/uploads\/2026\/01\/be-roll-hostess-nina-00001.webp\" data-elementor-open-lightbox=\"yes\" data-elementor-lightbox-slideshow=\"644d1cae\" data-elementor-lightbox-title=\"Nina\" data-e-action-hash=\"#elementor-action%3Aaction%3Dlightbox%26settings%3DeyJpZCI6MTA3MDAsInVybCI6Imh0dHBzOlwvXC9iZS1yb2xsLmh1XC93cC1jb250ZW50XC91cGxvYWRzXC8yMDI2XC8wMVwvYmUtcm9sbC1ob3N0ZXNzLW5pbmEtMDAwMDEud2VicCIsInNsaWRlc2hvdyI6IjY0NGQxY2FlIn0%3D\">\n\t\t\t\t\t<div class=\"e-gallery-image elementor-gallery-item__image\" data-thumbnail=\"https:\/\/be-roll.hu\/wp-content\/uploads\/2026\/01\/be-roll-hostess-nina-00001-563x1000.webp\" data-width=\"563\" data-height=\"1000\" aria-label=\"Nina\" role=\"img\" ><\/div>\n\t\t\t\t\t\t\t\t\t\t\t<div class=\"elementor-gallery-item__overlay\"><\/div>\n\t\t\t\t\t\t\t\t\t\t\t\t\t\t\t<div class=\"elementor-gallery-item__content\">\n\t\t\t\t\t\t\t\t\t\t\t\t\t\t<div class=\"elementor-gallery-item__title\">\n\t\t\t\t\t\t\t\t\t\t\t\t\t\t\t\t\t\tNina\t\t\t\t\t\t\t\t<\/div>\n\t\t\t\t\t\t\t\t\t\t\t\t<\/div>\n\t\t\t\t\t\t\t\t\t<\/a>\n\t\t\t\t\t\t\t<a class=\"e-gallery-item elementor-gallery-item elementor-animated-content\" data-e-gallery-tags=\"0\" href=\"https:\/\/be-roll.hu\/wp-content\/uploads\/2026\/02\/be-roll-hostess-nina-00013.webp\" data-elementor-open-lightbox=\"yes\" data-elementor-lightbox-slideshow=\"644d1cae\" data-elementor-lightbox-title=\"Nina\" data-elementor-lightbox-description=\"Nina\" data-e-action-hash=\"#elementor-action%3Aaction%3Dlightbox%26settings%3DeyJpZCI6MTIxNzQsInVybCI6Imh0dHBzOlwvXC9iZS1yb2xsLmh1XC93cC1jb250ZW50XC91cGxvYWRzXC8yMDI2XC8wMlwvYmUtcm9sbC1ob3N0ZXNzLW5pbmEtMDAwMTMud2VicCIsInNsaWRlc2hvdyI6IjY0NGQxY2FlIn0%3D\">\n\t\t\t\t\t<div class=\"e-gallery-image elementor-gallery-item__image\" data-thumbnail=\"https:\/\/be-roll.hu\/wp-content\/uploads\/2026\/02\/be-roll-hostess-nina-00013-750x1000.webp\" data-width=\"750\" data-height=\"1000\" aria-label=\"Nina\" role=\"img\" ><\/div>\n\t\t\t\t\t\t\t\t\t\t\t<div class=\"elementor-gallery-item__overlay\"><\/div>\n\t\t\t\t\t\t\t\t\t\t\t\t\t\t\t<div class=\"elementor-gallery-item__content\">\n\t\t\t\t\t\t\t\t\t\t\t\t\t\t<div class=\"elementor-gallery-item__title\">\n\t\t\t\t\t\t\t\t\t\t\t\t\t\t\t\t\t\tNina\t\t\t\t\t\t\t\t<\/div>\n\t\t\t\t\t\t\t\t\t\t\t\t<\/div>\n\t\t\t\t\t\t\t\t\t<\/a>\n\t\t\t\t\t\t\t<a class=\"e-gallery-item elementor-gallery-item elementor-animated-content\" data-e-gallery-tags=\"0\" href=\"https:\/\/be-roll.hu\/wp-content\/uploads\/2026\/01\/be-roll-hostess-nina-00002.webp\" data-elementor-open-lightbox=\"yes\" data-elementor-lightbox-slideshow=\"644d1cae\" data-elementor-lightbox-title=\"Nina\" data-elementor-lightbox-description=\"Nina\" data-e-action-hash=\"#elementor-action%3Aaction%3Dlightbox%26settings%3DeyJpZCI6MTA3MDEsInVybCI6Imh0dHBzOlwvXC9iZS1yb2xsLmh1XC93cC1jb250ZW50XC91cGxvYWRzXC8yMDI2XC8wMVwvYmUtcm9sbC1ob3N0ZXNzLW5pbmEtMDAwMDIud2VicCIsInNsaWRlc2hvdyI6IjY0NGQxY2FlIn0%3D\">\n\t\t\t\t\t<div class=\"e-gallery-image elementor-gallery-item__image\" data-thumbnail=\"https:\/\/be-roll.hu\/wp-content\/uploads\/2026\/01\/be-roll-hostess-nina-00002-563x1000.webp\" data-width=\"563\" data-height=\"1000\" aria-label=\"Nina\" role=\"img\" ><\/div>\n\t\t\t\t\t\t\t\t\t\t\t<div class=\"elementor-gallery-item__overlay\"><\/div>\n\t\t\t\t\t\t\t\t\t\t\t\t\t\t\t<div class=\"elementor-gallery-item__content\">\n\t\t\t\t\t\t\t\t\t\t\t\t\t\t<div class=\"elementor-gallery-item__title\">\n\t\t\t\t\t\t\t\t\t\t\t\t\t\t\t\t\t\tNina\t\t\t\t\t\t\t\t<\/div>\n\t\t\t\t\t\t\t\t\t\t\t\t<\/div>\n\t\t\t\t\t\t\t\t\t<\/a>\n\t\t\t\t\t<\/div>\n\t\t\t\t\t<\/div>\n\t\t\t\t<\/div>\n\t\t\t\t\t<\/div>\n\t\t\t\t<\/div>\n\t\t<div class=\"elementor-element elementor-element-1c8873a e-flex e-con-boxed e-con e-parent\" data-id=\"1c8873a\" data-element_type=\"container\" data-e-type=\"container\">\n\t\t\t\t\t<div class=\"e-con-inner\">\n\t\t<div class=\"elementor-element elementor-element-31d4e9b e-con-full e-flex e-con e-child\" data-id=\"31d4e9b\" data-element_type=\"container\" data-e-type=\"container\">\n\t\t\t\t<div class=\"elementor-element elementor-element-918df50 elementor-widget elementor-widget-spacer\" data-id=\"918df50\" data-element_type=\"widget\" data-e-type=\"widget\" data-widget_type=\"spacer.default\">\n\t\t\t\t\t\t<div class=\"elementor-widget-container\">\n\t\t\t\t\t\t\t<div class=\"elementor-spacer\">\n\t\t\t<div class=\"elementor-spacer-inner\"><\/div>\n\t\t<\/div>\n\t\t\t\t\t\t<\/div>\n\t\t\t\t<\/div>\n\t\t\t\t<\/div>\n\t\t<div class=\"elementor-element elementor-element-259dc57 e-con-full e-flex e-con e-child\" data-id=\"259dc57\" data-element_type=\"container\" data-e-type=\"container\">\n\t\t\t\t<div class=\"elementor-element elementor-element-cd43be9 elementor-widget elementor-widget-button\" data-id=\"cd43be9\" data-element_type=\"widget\" data-e-type=\"widget\" data-widget_type=\"button.default\">\n\t\t\t\t\t\t<div class=\"elementor-widget-container\">\n\t\t\t\t\t\t\t\t\t<div class=\"elementor-button-wrapper\">\n\t\t\t\t\t<a class=\"elementor-button elementor-button-link elementor-size-sm\" href=\"#ajanlatot_kerek\">\n\t\t\t\t\t\t<span class=\"elementor-button-content-wrapper\">\n\t\t\t\t\t\t\t\t\t<span class=\"elementor-button-text\">Aj\u00e1nlatot k\u00e9rek<\/span>\n\t\t\t\t\t<\/span>\n\t\t\t\t\t<\/a>\n\t\t\t\t<\/div>\n\t\t\t\t\t\t\t\t<\/div>\n\t\t\t\t<\/div>\n\t\t\t\t<div class=\"elementor-element elementor-element-1bfd352 elementor-widget elementor-widget-button\" data-id=\"1bfd352\" data-element_type=\"widget\" data-e-type=\"widget\" data-widget_type=\"button.default\">\n\t\t\t\t\t\t<div class=\"elementor-widget-container\">\n\t\t\t\t\t\t\t\t\t<div class=\"elementor-button-wrapper\">\n\t\t\t\t\t<a class=\"elementor-button elementor-button-link elementor-size-sm\" href=\"https:\/\/be-roll.hu\/hu_hu\/hostesseink\/\">\n\t\t\t\t\t\t<span class=\"elementor-button-content-wrapper\">\n\t\t\t\t\t\t\t\t\t<span class=\"elementor-button-text\">Megn\u00e9zem a t\u00f6bbi hostesst is<\/span>\n\t\t\t\t\t<\/span>\n\t\t\t\t\t<\/a>\n\t\t\t\t<\/div>\n\t\t\t\t\t\t\t\t<\/div>\n\t\t\t\t<\/div>\n\t\t\t\t<\/div>\n\t\t\t\t\t<\/div>\n\t\t\t\t<\/div>\n\t\t<div class=\"elementor-element elementor-element-8b4e10b e-flex e-con-boxed e-con e-parent\" data-id=\"8b4e10b\" data-element_type=\"container\" data-e-type=\"container\">\n\t\t\t\t\t<div class=\"e-con-inner\">\n\t\t\t\t<div class=\"elementor-element elementor-element-c6f7bef elementor-widget elementor-widget-spacer\" data-id=\"c6f7bef\" data-element_type=\"widget\" data-e-type=\"widget\" data-widget_type=\"spacer.default\">\n\t\t\t\t\t\t<div class=\"elementor-widget-container\">\n\t\t\t\t\t\t\t<div class=\"elementor-spacer\">\n\t\t\t<div class=\"elementor-spacer-inner\"><\/div>\n\t\t<\/div>\n\t\t\t\t\t\t<\/div>\n\t\t\t\t<\/div>\n\t\t\t\t\t<\/div>\n\t\t\t\t<\/div>\n\t\t\t\t<\/div>\n\t\t","protected":false},"excerpt":{"rendered":"<p>Nina Nina Nina Nina Nina Nina Nina Nina Nina Nina Nina Nina Nina Nina Aj\u00e1nlatot k\u00e9rek Megn\u00e9zem a t\u00f6bbi hostesst is<\/p>\n","protected":false},"author":1,"featured_media":12183,"parent":0,"menu_order":0,"comment_status":"closed","ping_status":"closed","template":"","meta":{"_seopress_robots_primary_cat":"","_seopress_titles_title":"Nina - Be-Roll Hostess \u00dcgyn\u00f6ks\u00e9g","_seopress_titles_desc":"Nina \u2013 Hostess","_seopress_robots_index":"","footnotes":""},"class_list":["post-11482","page","type-page","status-publish","has-post-thumbnail","hentry"],"_links":{"self":[{"href":"https:\/\/be-roll.hu\/hu_hu\/wp-json\/wp\/v2\/pages\/11482","targetHints":{"allow":["GET"]}}],"collection":[{"href":"https:\/\/be-roll.hu\/hu_hu\/wp-json\/wp\/v2\/pages"}],"about":[{"href":"https:\/\/be-roll.hu\/hu_hu\/wp-json\/wp\/v2\/types\/page"}],"author":[{"embeddable":true,"href":"https:\/\/be-roll.hu\/hu_hu\/wp-json\/wp\/v2\/users\/1"}],"replies":[{"embeddable":true,"href":"https:\/\/be-roll.hu\/hu_hu\/wp-json\/wp\/v2\/comments?post=11482"}],"version-history":[{"count":16,"href":"https:\/\/be-roll.hu\/hu_hu\/wp-json\/wp\/v2\/pages\/11482\/revisions"}],"predecessor-version":[{"id":12958,"href":"https:\/\/be-roll.hu\/hu_hu\/wp-json\/wp\/v2\/pages\/11482\/revisions\/12958"}],"wp:featuredmedia":[{"embeddable":true,"href":"https:\/\/be-roll.hu\/hu_hu\/wp-json\/wp\/v2\/media\/12183"}],"wp:attachment":[{"href":"https:\/\/be-roll.hu\/hu_hu\/wp-json\/wp\/v2\/media?parent=11482"}],"curies":[{"name":"wp","href":"https:\/\/api.w.org\/{rel}","templated":true}]}}