{"id":12708,"date":"2026-02-14T15:54:52","date_gmt":"2026-02-14T14:54:52","guid":{"rendered":"https:\/\/be-roll.hu\/?page_id=12708"},"modified":"2026-02-25T15:09:31","modified_gmt":"2026-02-25T14:09:31","slug":"lili-hostess","status":"publish","type":"page","link":"https:\/\/be-roll.hu\/hu_hu\/lili-hostess\/","title":{"rendered":"Lili &#8211; Hostess"},"content":{"rendered":"\t\t<div data-elementor-type=\"wp-page\" data-elementor-id=\"12708\" class=\"elementor elementor-12708\" data-elementor-post-type=\"page\">\n\t\t\t\t<div class=\"elementor-element elementor-element-f67f06b e-flex e-con-boxed e-con e-parent\" data-id=\"f67f06b\" data-element_type=\"container\" data-e-type=\"container\">\n\t\t\t\t\t<div class=\"e-con-inner\">\n\t\t\t\t<div class=\"elementor-element elementor-element-cc28c64 elementor-widget elementor-widget-gallery\" data-id=\"cc28c64\" data-element_type=\"widget\" data-e-type=\"widget\" data-settings=\"{&quot;gallery_layout&quot;:&quot;masonry&quot;,&quot;columns&quot;:3,&quot;gap&quot;:{&quot;unit&quot;:&quot;px&quot;,&quot;size&quot;:14,&quot;sizes&quot;:[]},&quot;overlay_title&quot;:&quot;alt&quot;,&quot;lazyload&quot;:&quot;yes&quot;,&quot;columns_tablet&quot;:2,&quot;columns_mobile&quot;:1,&quot;gap_tablet&quot;:{&quot;unit&quot;:&quot;px&quot;,&quot;size&quot;:10,&quot;sizes&quot;:[]},&quot;gap_mobile&quot;:{&quot;unit&quot;:&quot;px&quot;,&quot;size&quot;:10,&quot;sizes&quot;:[]},&quot;link_to&quot;:&quot;file&quot;,&quot;overlay_background&quot;:&quot;yes&quot;,&quot;content_hover_animation&quot;:&quot;fade-in&quot;}\" data-widget_type=\"gallery.default\">\n\t\t\t\t\t\t<div class=\"elementor-widget-container\">\n\t\t\t\t\t\t\t\t<div class=\"elementor-gallery__titles-container e--pointer-none\" aria-label=\"Gallery filter\">\n\t\t\t\t\n\t\t\t\t\t\t\t\t\t<a class=\"elementor-item elementor-gallery-title\" role=\"button\" tabindex=\"0\" data-gallery-index=\"0\">\n\t\t\t\t\t\t\t\t\t\t\t<\/a>\n\t\t\t\t\t\t\t\t<\/div>\n\t\t\t\t\t<div class=\"elementor-gallery__container\">\n\t\t\t\t\t\t\t<a class=\"e-gallery-item elementor-gallery-item elementor-animated-content\" data-e-gallery-tags=\"0\" href=\"https:\/\/be-roll.hu\/wp-content\/uploads\/2026\/02\/be-roll-hostess-lili-0013.webp\" data-elementor-open-lightbox=\"yes\" data-elementor-lightbox-slideshow=\"cc28c64\" data-elementor-lightbox-title=\"Lili\" data-elementor-lightbox-description=\"Lili\" data-e-action-hash=\"#elementor-action%3Aaction%3Dlightbox%26settings%3DeyJpZCI6MTMyNDQsInVybCI6Imh0dHBzOlwvXC9iZS1yb2xsLmh1XC93cC1jb250ZW50XC91cGxvYWRzXC8yMDI2XC8wMlwvYmUtcm9sbC1ob3N0ZXNzLWxpbGktMDAxMy53ZWJwIiwic2xpZGVzaG93IjoiY2MyOGM2NCJ9\">\n\t\t\t\t\t<div class=\"e-gallery-image elementor-gallery-item__image\" data-thumbnail=\"https:\/\/be-roll.hu\/wp-content\/uploads\/2026\/02\/be-roll-hostess-lili-0013-750x1000.webp\" data-width=\"750\" data-height=\"1000\" aria-label=\"Lili\" role=\"img\" ><\/div>\n\t\t\t\t\t\t\t\t\t\t\t<div class=\"elementor-gallery-item__overlay\"><\/div>\n\t\t\t\t\t\t\t\t\t\t\t\t\t\t\t<div class=\"elementor-gallery-item__content\">\n\t\t\t\t\t\t\t\t\t\t\t\t\t\t<div class=\"elementor-gallery-item__title\">\n\t\t\t\t\t\t\t\t\t\t\t\t\t\t\t\t\t\tLili\t\t\t\t\t\t\t\t<\/div>\n\t\t\t\t\t\t\t\t\t\t\t\t<\/div>\n\t\t\t\t\t\t\t\t\t<\/a>\n\t\t\t\t\t\t\t<a class=\"e-gallery-item elementor-gallery-item elementor-animated-content\" data-e-gallery-tags=\"0\" href=\"https:\/\/be-roll.hu\/wp-content\/uploads\/2026\/02\/be-roll-hostess-lili-0012.webp\" data-elementor-open-lightbox=\"yes\" data-elementor-lightbox-slideshow=\"cc28c64\" data-elementor-lightbox-title=\"Lili\" data-elementor-lightbox-description=\"Lili\" data-e-action-hash=\"#elementor-action%3Aaction%3Dlightbox%26settings%3DeyJpZCI6MTMyNDMsInVybCI6Imh0dHBzOlwvXC9iZS1yb2xsLmh1XC93cC1jb250ZW50XC91cGxvYWRzXC8yMDI2XC8wMlwvYmUtcm9sbC1ob3N0ZXNzLWxpbGktMDAxMi53ZWJwIiwic2xpZGVzaG93IjoiY2MyOGM2NCJ9\">\n\t\t\t\t\t<div class=\"e-gallery-image elementor-gallery-item__image\" data-thumbnail=\"https:\/\/be-roll.hu\/wp-content\/uploads\/2026\/02\/be-roll-hostess-lili-0012-750x1000.webp\" data-width=\"750\" data-height=\"1000\" aria-label=\"Lili\" role=\"img\" ><\/div>\n\t\t\t\t\t\t\t\t\t\t\t<div class=\"elementor-gallery-item__overlay\"><\/div>\n\t\t\t\t\t\t\t\t\t\t\t\t\t\t\t<div class=\"elementor-gallery-item__content\">\n\t\t\t\t\t\t\t\t\t\t\t\t\t\t<div class=\"elementor-gallery-item__title\">\n\t\t\t\t\t\t\t\t\t\t\t\t\t\t\t\t\t\tLili\t\t\t\t\t\t\t\t<\/div>\n\t\t\t\t\t\t\t\t\t\t\t\t<\/div>\n\t\t\t\t\t\t\t\t\t<\/a>\n\t\t\t\t\t\t\t<a class=\"e-gallery-item elementor-gallery-item elementor-animated-content\" data-e-gallery-tags=\"0\" href=\"https:\/\/be-roll.hu\/wp-content\/uploads\/2026\/02\/be-roll-hostess-lili-0018.webp\" data-elementor-open-lightbox=\"yes\" data-elementor-lightbox-slideshow=\"cc28c64\" data-elementor-lightbox-title=\"Lili\" data-elementor-lightbox-description=\"Lili\" data-e-action-hash=\"#elementor-action%3Aaction%3Dlightbox%26settings%3DeyJpZCI6MTMyNDcsInVybCI6Imh0dHBzOlwvXC9iZS1yb2xsLmh1XC93cC1jb250ZW50XC91cGxvYWRzXC8yMDI2XC8wMlwvYmUtcm9sbC1ob3N0ZXNzLWxpbGktMDAxOC53ZWJwIiwic2xpZGVzaG93IjoiY2MyOGM2NCJ9\">\n\t\t\t\t\t<div class=\"e-gallery-image elementor-gallery-item__image\" data-thumbnail=\"https:\/\/be-roll.hu\/wp-content\/uploads\/2026\/02\/be-roll-hostess-lili-0018-750x1000.webp\" data-width=\"750\" data-height=\"1000\" aria-label=\"Lili\" role=\"img\" ><\/div>\n\t\t\t\t\t\t\t\t\t\t\t<div class=\"elementor-gallery-item__overlay\"><\/div>\n\t\t\t\t\t\t\t\t\t\t\t\t\t\t\t<div class=\"elementor-gallery-item__content\">\n\t\t\t\t\t\t\t\t\t\t\t\t\t\t<div class=\"elementor-gallery-item__title\">\n\t\t\t\t\t\t\t\t\t\t\t\t\t\t\t\t\t\tLili\t\t\t\t\t\t\t\t<\/div>\n\t\t\t\t\t\t\t\t\t\t\t\t<\/div>\n\t\t\t\t\t\t\t\t\t<\/a>\n\t\t\t\t\t\t\t<a class=\"e-gallery-item elementor-gallery-item elementor-animated-content\" data-e-gallery-tags=\"0\" href=\"https:\/\/be-roll.hu\/wp-content\/uploads\/2026\/02\/be-roll-hostess-lili-0016.webp\" data-elementor-open-lightbox=\"yes\" data-elementor-lightbox-slideshow=\"cc28c64\" data-elementor-lightbox-title=\"Lili\" data-elementor-lightbox-description=\"Lili\" data-e-action-hash=\"#elementor-action%3Aaction%3Dlightbox%26settings%3DeyJpZCI6MTMyNDUsInVybCI6Imh0dHBzOlwvXC9iZS1yb2xsLmh1XC93cC1jb250ZW50XC91cGxvYWRzXC8yMDI2XC8wMlwvYmUtcm9sbC1ob3N0ZXNzLWxpbGktMDAxNi53ZWJwIiwic2xpZGVzaG93IjoiY2MyOGM2NCJ9\">\n\t\t\t\t\t<div class=\"e-gallery-image elementor-gallery-item__image\" data-thumbnail=\"https:\/\/be-roll.hu\/wp-content\/uploads\/2026\/02\/be-roll-hostess-lili-0016-750x1000.webp\" data-width=\"750\" data-height=\"1000\" aria-label=\"Lili\" role=\"img\" ><\/div>\n\t\t\t\t\t\t\t\t\t\t\t<div class=\"elementor-gallery-item__overlay\"><\/div>\n\t\t\t\t\t\t\t\t\t\t\t\t\t\t\t<div class=\"elementor-gallery-item__content\">\n\t\t\t\t\t\t\t\t\t\t\t\t\t\t<div class=\"elementor-gallery-item__title\">\n\t\t\t\t\t\t\t\t\t\t\t\t\t\t\t\t\t\tLili\t\t\t\t\t\t\t\t<\/div>\n\t\t\t\t\t\t\t\t\t\t\t\t<\/div>\n\t\t\t\t\t\t\t\t\t<\/a>\n\t\t\t\t\t\t\t<a class=\"e-gallery-item elementor-gallery-item elementor-animated-content\" data-e-gallery-tags=\"0\" href=\"https:\/\/be-roll.hu\/wp-content\/uploads\/2026\/02\/be-roll-hostess-lili-0006.webp\" data-elementor-open-lightbox=\"yes\" data-elementor-lightbox-slideshow=\"cc28c64\" data-elementor-lightbox-title=\"Lili\" data-elementor-lightbox-description=\"Lili\" data-e-action-hash=\"#elementor-action%3Aaction%3Dlightbox%26settings%3DeyJpZCI6MTI3MTYsInVybCI6Imh0dHBzOlwvXC9iZS1yb2xsLmh1XC93cC1jb250ZW50XC91cGxvYWRzXC8yMDI2XC8wMlwvYmUtcm9sbC1ob3N0ZXNzLWxpbGktMDAwNi53ZWJwIiwic2xpZGVzaG93IjoiY2MyOGM2NCJ9\">\n\t\t\t\t\t<div class=\"e-gallery-image elementor-gallery-item__image\" data-thumbnail=\"https:\/\/be-roll.hu\/wp-content\/uploads\/2026\/02\/be-roll-hostess-lili-0006-750x1000.webp\" data-width=\"750\" data-height=\"1000\" aria-label=\"Lili\" role=\"img\" ><\/div>\n\t\t\t\t\t\t\t\t\t\t\t<div class=\"elementor-gallery-item__overlay\"><\/div>\n\t\t\t\t\t\t\t\t\t\t\t\t\t\t\t<div class=\"elementor-gallery-item__content\">\n\t\t\t\t\t\t\t\t\t\t\t\t\t\t<div class=\"elementor-gallery-item__title\">\n\t\t\t\t\t\t\t\t\t\t\t\t\t\t\t\t\t\tLili\t\t\t\t\t\t\t\t<\/div>\n\t\t\t\t\t\t\t\t\t\t\t\t<\/div>\n\t\t\t\t\t\t\t\t\t<\/a>\n\t\t\t\t\t\t\t<a class=\"e-gallery-item elementor-gallery-item elementor-animated-content\" data-e-gallery-tags=\"0\" href=\"https:\/\/be-roll.hu\/wp-content\/uploads\/2026\/02\/be-roll-hostess-lili-0005.webp\" data-elementor-open-lightbox=\"yes\" data-elementor-lightbox-slideshow=\"cc28c64\" data-elementor-lightbox-title=\"Lili\" data-elementor-lightbox-description=\"Lili\" data-e-action-hash=\"#elementor-action%3Aaction%3Dlightbox%26settings%3DeyJpZCI6MTI3MTUsInVybCI6Imh0dHBzOlwvXC9iZS1yb2xsLmh1XC93cC1jb250ZW50XC91cGxvYWRzXC8yMDI2XC8wMlwvYmUtcm9sbC1ob3N0ZXNzLWxpbGktMDAwNS53ZWJwIiwic2xpZGVzaG93IjoiY2MyOGM2NCJ9\">\n\t\t\t\t\t<div class=\"e-gallery-image elementor-gallery-item__image\" data-thumbnail=\"https:\/\/be-roll.hu\/wp-content\/uploads\/2026\/02\/be-roll-hostess-lili-0005-750x1000.webp\" data-width=\"750\" data-height=\"1000\" aria-label=\"Lili\" role=\"img\" ><\/div>\n\t\t\t\t\t\t\t\t\t\t\t<div class=\"elementor-gallery-item__overlay\"><\/div>\n\t\t\t\t\t\t\t\t\t\t\t\t\t\t\t<div class=\"elementor-gallery-item__content\">\n\t\t\t\t\t\t\t\t\t\t\t\t\t\t<div class=\"elementor-gallery-item__title\">\n\t\t\t\t\t\t\t\t\t\t\t\t\t\t\t\t\t\tLili\t\t\t\t\t\t\t\t<\/div>\n\t\t\t\t\t\t\t\t\t\t\t\t<\/div>\n\t\t\t\t\t\t\t\t\t<\/a>\n\t\t\t\t\t\t\t<a class=\"e-gallery-item elementor-gallery-item elementor-animated-content\" data-e-gallery-tags=\"0\" href=\"https:\/\/be-roll.hu\/wp-content\/uploads\/2026\/02\/be-roll-hostess-lili-0002.webp\" data-elementor-open-lightbox=\"yes\" data-elementor-lightbox-slideshow=\"cc28c64\" data-elementor-lightbox-title=\"Lili\" data-elementor-lightbox-description=\"Lili\" data-e-action-hash=\"#elementor-action%3Aaction%3Dlightbox%26settings%3DeyJpZCI6MTI3MTIsInVybCI6Imh0dHBzOlwvXC9iZS1yb2xsLmh1XC93cC1jb250ZW50XC91cGxvYWRzXC8yMDI2XC8wMlwvYmUtcm9sbC1ob3N0ZXNzLWxpbGktMDAwMi53ZWJwIiwic2xpZGVzaG93IjoiY2MyOGM2NCJ9\">\n\t\t\t\t\t<div class=\"e-gallery-image elementor-gallery-item__image\" data-thumbnail=\"https:\/\/be-roll.hu\/wp-content\/uploads\/2026\/02\/be-roll-hostess-lili-0002-576x1000.webp\" data-width=\"576\" data-height=\"1000\" aria-label=\"Lili\" role=\"img\" ><\/div>\n\t\t\t\t\t\t\t\t\t\t\t<div class=\"elementor-gallery-item__overlay\"><\/div>\n\t\t\t\t\t\t\t\t\t\t\t\t\t\t\t<div class=\"elementor-gallery-item__content\">\n\t\t\t\t\t\t\t\t\t\t\t\t\t\t<div class=\"elementor-gallery-item__title\">\n\t\t\t\t\t\t\t\t\t\t\t\t\t\t\t\t\t\tLili\t\t\t\t\t\t\t\t<\/div>\n\t\t\t\t\t\t\t\t\t\t\t\t<\/div>\n\t\t\t\t\t\t\t\t\t<\/a>\n\t\t\t\t\t\t\t<a class=\"e-gallery-item elementor-gallery-item elementor-animated-content\" data-e-gallery-tags=\"0\" href=\"https:\/\/be-roll.hu\/wp-content\/uploads\/2026\/02\/be-roll-hostess-lili-0011.webp\" data-elementor-open-lightbox=\"yes\" data-elementor-lightbox-slideshow=\"cc28c64\" data-elementor-lightbox-title=\"Lili\" data-elementor-lightbox-description=\"Lili\" data-e-action-hash=\"#elementor-action%3Aaction%3Dlightbox%26settings%3DeyJpZCI6MTMyNDIsInVybCI6Imh0dHBzOlwvXC9iZS1yb2xsLmh1XC93cC1jb250ZW50XC91cGxvYWRzXC8yMDI2XC8wMlwvYmUtcm9sbC1ob3N0ZXNzLWxpbGktMDAxMS53ZWJwIiwic2xpZGVzaG93IjoiY2MyOGM2NCJ9\">\n\t\t\t\t\t<div class=\"e-gallery-image elementor-gallery-item__image\" data-thumbnail=\"https:\/\/be-roll.hu\/wp-content\/uploads\/2026\/02\/be-roll-hostess-lili-0011-750x1000.webp\" data-width=\"750\" data-height=\"1000\" aria-label=\"Lili\" role=\"img\" ><\/div>\n\t\t\t\t\t\t\t\t\t\t\t<div class=\"elementor-gallery-item__overlay\"><\/div>\n\t\t\t\t\t\t\t\t\t\t\t\t\t\t\t<div class=\"elementor-gallery-item__content\">\n\t\t\t\t\t\t\t\t\t\t\t\t\t\t<div class=\"elementor-gallery-item__title\">\n\t\t\t\t\t\t\t\t\t\t\t\t\t\t\t\t\t\tLili\t\t\t\t\t\t\t\t<\/div>\n\t\t\t\t\t\t\t\t\t\t\t\t<\/div>\n\t\t\t\t\t\t\t\t\t<\/a>\n\t\t\t\t\t\t\t<a class=\"e-gallery-item elementor-gallery-item elementor-animated-content\" data-e-gallery-tags=\"0\" href=\"https:\/\/be-roll.hu\/wp-content\/uploads\/2026\/02\/be-roll-hostess-lili-0017.webp\" data-elementor-open-lightbox=\"yes\" data-elementor-lightbox-slideshow=\"cc28c64\" data-elementor-lightbox-title=\"Lili\" data-elementor-lightbox-description=\"Lili\" data-e-action-hash=\"#elementor-action%3Aaction%3Dlightbox%26settings%3DeyJpZCI6MTMyNDYsInVybCI6Imh0dHBzOlwvXC9iZS1yb2xsLmh1XC93cC1jb250ZW50XC91cGxvYWRzXC8yMDI2XC8wMlwvYmUtcm9sbC1ob3N0ZXNzLWxpbGktMDAxNy53ZWJwIiwic2xpZGVzaG93IjoiY2MyOGM2NCJ9\">\n\t\t\t\t\t<div class=\"e-gallery-image elementor-gallery-item__image\" data-thumbnail=\"https:\/\/be-roll.hu\/wp-content\/uploads\/2026\/02\/be-roll-hostess-lili-0017-750x1000.webp\" data-width=\"750\" data-height=\"1000\" aria-label=\"Lili\" role=\"img\" ><\/div>\n\t\t\t\t\t\t\t\t\t\t\t<div class=\"elementor-gallery-item__overlay\"><\/div>\n\t\t\t\t\t\t\t\t\t\t\t\t\t\t\t<div class=\"elementor-gallery-item__content\">\n\t\t\t\t\t\t\t\t\t\t\t\t\t\t<div class=\"elementor-gallery-item__title\">\n\t\t\t\t\t\t\t\t\t\t\t\t\t\t\t\t\t\tLili\t\t\t\t\t\t\t\t<\/div>\n\t\t\t\t\t\t\t\t\t\t\t\t<\/div>\n\t\t\t\t\t\t\t\t\t<\/a>\n\t\t\t\t\t\t\t<a class=\"e-gallery-item elementor-gallery-item elementor-animated-content\" data-e-gallery-tags=\"0\" href=\"https:\/\/be-roll.hu\/wp-content\/uploads\/2026\/02\/be-roll-hostess-lili-0001.webp\" data-elementor-open-lightbox=\"yes\" data-elementor-lightbox-slideshow=\"cc28c64\" data-elementor-lightbox-title=\"Lili\" data-elementor-lightbox-description=\"Lili\" data-e-action-hash=\"#elementor-action%3Aaction%3Dlightbox%26settings%3DeyJpZCI6MTI3MTEsInVybCI6Imh0dHBzOlwvXC9iZS1yb2xsLmh1XC93cC1jb250ZW50XC91cGxvYWRzXC8yMDI2XC8wMlwvYmUtcm9sbC1ob3N0ZXNzLWxpbGktMDAwMS53ZWJwIiwic2xpZGVzaG93IjoiY2MyOGM2NCJ9\">\n\t\t\t\t\t<div class=\"e-gallery-image elementor-gallery-item__image\" data-thumbnail=\"https:\/\/be-roll.hu\/wp-content\/uploads\/2026\/02\/be-roll-hostess-lili-0001-750x1000.webp\" data-width=\"750\" data-height=\"1000\" aria-label=\"Lili\" role=\"img\" ><\/div>\n\t\t\t\t\t\t\t\t\t\t\t<div class=\"elementor-gallery-item__overlay\"><\/div>\n\t\t\t\t\t\t\t\t\t\t\t\t\t\t\t<div class=\"elementor-gallery-item__content\">\n\t\t\t\t\t\t\t\t\t\t\t\t\t\t<div class=\"elementor-gallery-item__title\">\n\t\t\t\t\t\t\t\t\t\t\t\t\t\t\t\t\t\tLili\t\t\t\t\t\t\t\t<\/div>\n\t\t\t\t\t\t\t\t\t\t\t\t<\/div>\n\t\t\t\t\t\t\t\t\t<\/a>\n\t\t\t\t\t\t\t<a class=\"e-gallery-item elementor-gallery-item elementor-animated-content\" data-e-gallery-tags=\"0\" href=\"https:\/\/be-roll.hu\/wp-content\/uploads\/2026\/02\/be-roll-hostess-lili-0003.webp\" data-elementor-open-lightbox=\"yes\" data-elementor-lightbox-slideshow=\"cc28c64\" data-elementor-lightbox-title=\"Lili\" data-elementor-lightbox-description=\"Lili\" data-e-action-hash=\"#elementor-action%3Aaction%3Dlightbox%26settings%3DeyJpZCI6MTI3MTMsInVybCI6Imh0dHBzOlwvXC9iZS1yb2xsLmh1XC93cC1jb250ZW50XC91cGxvYWRzXC8yMDI2XC8wMlwvYmUtcm9sbC1ob3N0ZXNzLWxpbGktMDAwMy53ZWJwIiwic2xpZGVzaG93IjoiY2MyOGM2NCJ9\">\n\t\t\t\t\t<div class=\"e-gallery-image elementor-gallery-item__image\" data-thumbnail=\"https:\/\/be-roll.hu\/wp-content\/uploads\/2026\/02\/be-roll-hostess-lili-0003-750x1000.webp\" data-width=\"750\" data-height=\"1000\" aria-label=\"Lili\" role=\"img\" ><\/div>\n\t\t\t\t\t\t\t\t\t\t\t<div class=\"elementor-gallery-item__overlay\"><\/div>\n\t\t\t\t\t\t\t\t\t\t\t\t\t\t\t<div class=\"elementor-gallery-item__content\">\n\t\t\t\t\t\t\t\t\t\t\t\t\t\t<div class=\"elementor-gallery-item__title\">\n\t\t\t\t\t\t\t\t\t\t\t\t\t\t\t\t\t\tLili\t\t\t\t\t\t\t\t<\/div>\n\t\t\t\t\t\t\t\t\t\t\t\t<\/div>\n\t\t\t\t\t\t\t\t\t<\/a>\n\t\t\t\t\t\t\t<a class=\"e-gallery-item elementor-gallery-item elementor-animated-content\" data-e-gallery-tags=\"0\" href=\"https:\/\/be-roll.hu\/wp-content\/uploads\/2026\/02\/be-roll-hostess-lili-0007.webp\" data-elementor-open-lightbox=\"yes\" data-elementor-lightbox-slideshow=\"cc28c64\" data-elementor-lightbox-title=\"Lili\" data-elementor-lightbox-description=\"Lili\" data-e-action-hash=\"#elementor-action%3Aaction%3Dlightbox%26settings%3DeyJpZCI6MTI3MTcsInVybCI6Imh0dHBzOlwvXC9iZS1yb2xsLmh1XC93cC1jb250ZW50XC91cGxvYWRzXC8yMDI2XC8wMlwvYmUtcm9sbC1ob3N0ZXNzLWxpbGktMDAwNy53ZWJwIiwic2xpZGVzaG93IjoiY2MyOGM2NCJ9\">\n\t\t\t\t\t<div class=\"e-gallery-image elementor-gallery-item__image\" data-thumbnail=\"https:\/\/be-roll.hu\/wp-content\/uploads\/2026\/02\/be-roll-hostess-lili-0007-666x1000.webp\" data-width=\"666\" data-height=\"1000\" aria-label=\"Lili\" role=\"img\" ><\/div>\n\t\t\t\t\t\t\t\t\t\t\t<div class=\"elementor-gallery-item__overlay\"><\/div>\n\t\t\t\t\t\t\t\t\t\t\t\t\t\t\t<div class=\"elementor-gallery-item__content\">\n\t\t\t\t\t\t\t\t\t\t\t\t\t\t<div class=\"elementor-gallery-item__title\">\n\t\t\t\t\t\t\t\t\t\t\t\t\t\t\t\t\t\tLili\t\t\t\t\t\t\t\t<\/div>\n\t\t\t\t\t\t\t\t\t\t\t\t<\/div>\n\t\t\t\t\t\t\t\t\t<\/a>\n\t\t\t\t\t\t\t<a class=\"e-gallery-item elementor-gallery-item elementor-animated-content\" data-e-gallery-tags=\"0\" href=\"https:\/\/be-roll.hu\/wp-content\/uploads\/2026\/02\/be-roll-hostess-lili-0010.webp\" data-elementor-open-lightbox=\"yes\" data-elementor-lightbox-slideshow=\"cc28c64\" data-elementor-lightbox-title=\"Lili\" data-elementor-lightbox-description=\"Lili\" data-e-action-hash=\"#elementor-action%3Aaction%3Dlightbox%26settings%3DeyJpZCI6MTMyNDEsInVybCI6Imh0dHBzOlwvXC9iZS1yb2xsLmh1XC93cC1jb250ZW50XC91cGxvYWRzXC8yMDI2XC8wMlwvYmUtcm9sbC1ob3N0ZXNzLWxpbGktMDAxMC53ZWJwIiwic2xpZGVzaG93IjoiY2MyOGM2NCJ9\">\n\t\t\t\t\t<div class=\"e-gallery-image elementor-gallery-item__image\" data-thumbnail=\"https:\/\/be-roll.hu\/wp-content\/uploads\/2026\/02\/be-roll-hostess-lili-0010-624x1000.webp\" data-width=\"624\" data-height=\"1000\" aria-label=\"Lili\" role=\"img\" ><\/div>\n\t\t\t\t\t\t\t\t\t\t\t<div class=\"elementor-gallery-item__overlay\"><\/div>\n\t\t\t\t\t\t\t\t\t\t\t\t\t\t\t<div class=\"elementor-gallery-item__content\">\n\t\t\t\t\t\t\t\t\t\t\t\t\t\t<div class=\"elementor-gallery-item__title\">\n\t\t\t\t\t\t\t\t\t\t\t\t\t\t\t\t\t\tLili\t\t\t\t\t\t\t\t<\/div>\n\t\t\t\t\t\t\t\t\t\t\t\t<\/div>\n\t\t\t\t\t\t\t\t\t<\/a>\n\t\t\t\t\t\t\t<a class=\"e-gallery-item elementor-gallery-item elementor-animated-content\" data-e-gallery-tags=\"0\" href=\"https:\/\/be-roll.hu\/wp-content\/uploads\/2026\/02\/be-roll-hostess-lili-0004.webp\" data-elementor-open-lightbox=\"yes\" data-elementor-lightbox-slideshow=\"cc28c64\" data-elementor-lightbox-title=\"Lili\" data-elementor-lightbox-description=\"Lili\" data-e-action-hash=\"#elementor-action%3Aaction%3Dlightbox%26settings%3DeyJpZCI6MTI3MTQsInVybCI6Imh0dHBzOlwvXC9iZS1yb2xsLmh1XC93cC1jb250ZW50XC91cGxvYWRzXC8yMDI2XC8wMlwvYmUtcm9sbC1ob3N0ZXNzLWxpbGktMDAwNC53ZWJwIiwic2xpZGVzaG93IjoiY2MyOGM2NCJ9\">\n\t\t\t\t\t<div class=\"e-gallery-image elementor-gallery-item__image\" data-thumbnail=\"https:\/\/be-roll.hu\/wp-content\/uploads\/2026\/02\/be-roll-hostess-lili-0004-750x1000.webp\" data-width=\"750\" data-height=\"1000\" aria-label=\"Lili\" role=\"img\" ><\/div>\n\t\t\t\t\t\t\t\t\t\t\t<div class=\"elementor-gallery-item__overlay\"><\/div>\n\t\t\t\t\t\t\t\t\t\t\t\t\t\t\t<div class=\"elementor-gallery-item__content\">\n\t\t\t\t\t\t\t\t\t\t\t\t\t\t<div class=\"elementor-gallery-item__title\">\n\t\t\t\t\t\t\t\t\t\t\t\t\t\t\t\t\t\tLili\t\t\t\t\t\t\t\t<\/div>\n\t\t\t\t\t\t\t\t\t\t\t\t<\/div>\n\t\t\t\t\t\t\t\t\t<\/a>\n\t\t\t\t\t<\/div>\n\t\t\t\t\t<\/div>\n\t\t\t\t<\/div>\n\t\t\t\t\t<\/div>\n\t\t\t\t<\/div>\n\t\t<div class=\"elementor-element elementor-element-48f5b03 e-flex e-con-boxed e-con e-parent\" data-id=\"48f5b03\" data-element_type=\"container\" data-e-type=\"container\">\n\t\t\t\t\t<div class=\"e-con-inner\">\n\t\t<div class=\"elementor-element elementor-element-78822d3 e-con-full e-flex e-con e-child\" data-id=\"78822d3\" data-element_type=\"container\" data-e-type=\"container\">\n\t\t\t\t<div class=\"elementor-element elementor-element-6c2df18 elementor-widget elementor-widget-spacer\" data-id=\"6c2df18\" data-element_type=\"widget\" data-e-type=\"widget\" data-widget_type=\"spacer.default\">\n\t\t\t\t\t\t<div class=\"elementor-widget-container\">\n\t\t\t\t\t\t\t<div class=\"elementor-spacer\">\n\t\t\t<div class=\"elementor-spacer-inner\"><\/div>\n\t\t<\/div>\n\t\t\t\t\t\t<\/div>\n\t\t\t\t<\/div>\n\t\t\t\t<\/div>\n\t\t<div class=\"elementor-element elementor-element-6a00a8d e-con-full e-flex e-con e-child\" data-id=\"6a00a8d\" data-element_type=\"container\" data-e-type=\"container\">\n\t\t\t\t<div class=\"elementor-element elementor-element-52e2338 elementor-widget elementor-widget-button\" data-id=\"52e2338\" data-element_type=\"widget\" data-e-type=\"widget\" data-widget_type=\"button.default\">\n\t\t\t\t\t\t<div class=\"elementor-widget-container\">\n\t\t\t\t\t\t\t\t\t<div class=\"elementor-button-wrapper\">\n\t\t\t\t\t<a class=\"elementor-button elementor-button-link elementor-size-sm\" href=\"#ajanlatot_kerek\">\n\t\t\t\t\t\t<span class=\"elementor-button-content-wrapper\">\n\t\t\t\t\t\t\t\t\t<span class=\"elementor-button-text\">Aj\u00e1nlatot k\u00e9rek<\/span>\n\t\t\t\t\t<\/span>\n\t\t\t\t\t<\/a>\n\t\t\t\t<\/div>\n\t\t\t\t\t\t\t\t<\/div>\n\t\t\t\t<\/div>\n\t\t\t\t<div class=\"elementor-element elementor-element-2e65a69 elementor-widget elementor-widget-button\" data-id=\"2e65a69\" data-element_type=\"widget\" data-e-type=\"widget\" data-widget_type=\"button.default\">\n\t\t\t\t\t\t<div class=\"elementor-widget-container\">\n\t\t\t\t\t\t\t\t\t<div class=\"elementor-button-wrapper\">\n\t\t\t\t\t<a class=\"elementor-button elementor-button-link elementor-size-sm\" href=\"https:\/\/be-roll.hu\/hu_hu\/hostesseink\/\">\n\t\t\t\t\t\t<span class=\"elementor-button-content-wrapper\">\n\t\t\t\t\t\t\t\t\t<span class=\"elementor-button-text\">Megn\u00e9zem a t\u00f6bbi hostesst is<\/span>\n\t\t\t\t\t<\/span>\n\t\t\t\t\t<\/a>\n\t\t\t\t<\/div>\n\t\t\t\t\t\t\t\t<\/div>\n\t\t\t\t<\/div>\n\t\t\t\t<\/div>\n\t\t\t\t\t<\/div>\n\t\t\t\t<\/div>\n\t\t<div class=\"elementor-element elementor-element-54443a7 e-flex e-con-boxed e-con e-parent\" data-id=\"54443a7\" data-element_type=\"container\" data-e-type=\"container\">\n\t\t\t\t\t<div class=\"e-con-inner\">\n\t\t\t\t<div class=\"elementor-element elementor-element-f7bf5a4 elementor-widget elementor-widget-spacer\" data-id=\"f7bf5a4\" data-element_type=\"widget\" data-e-type=\"widget\" data-widget_type=\"spacer.default\">\n\t\t\t\t\t\t<div class=\"elementor-widget-container\">\n\t\t\t\t\t\t\t<div class=\"elementor-spacer\">\n\t\t\t<div class=\"elementor-spacer-inner\"><\/div>\n\t\t<\/div>\n\t\t\t\t\t\t<\/div>\n\t\t\t\t<\/div>\n\t\t\t\t\t<\/div>\n\t\t\t\t<\/div>\n\t\t\t\t<\/div>\n\t\t","protected":false},"excerpt":{"rendered":"<p>Lili Lili Lili Lili Lili Lili Lili Lili Lili Lili Lili Lili Lili Lili Aj\u00e1nlatot k\u00e9rek Megn\u00e9zem a t\u00f6bbi hostesst is<\/p>\n","protected":false},"author":1,"featured_media":12726,"parent":0,"menu_order":0,"comment_status":"closed","ping_status":"closed","template":"","meta":{"_seopress_robots_primary_cat":"","_seopress_titles_title":"Lili - Be-Roll Hostess \u00dcgyn\u00f6ks\u00e9g","_seopress_titles_desc":"Lili \u2013 Hostess","_seopress_robots_index":"","footnotes":""},"class_list":["post-12708","page","type-page","status-publish","has-post-thumbnail","hentry"],"_links":{"self":[{"href":"https:\/\/be-roll.hu\/hu_hu\/wp-json\/wp\/v2\/pages\/12708","targetHints":{"allow":["GET"]}}],"collection":[{"href":"https:\/\/be-roll.hu\/hu_hu\/wp-json\/wp\/v2\/pages"}],"about":[{"href":"https:\/\/be-roll.hu\/hu_hu\/wp-json\/wp\/v2\/types\/page"}],"author":[{"embeddable":true,"href":"https:\/\/be-roll.hu\/hu_hu\/wp-json\/wp\/v2\/users\/1"}],"replies":[{"embeddable":true,"href":"https:\/\/be-roll.hu\/hu_hu\/wp-json\/wp\/v2\/comments?post=12708"}],"version-history":[{"count":10,"href":"https:\/\/be-roll.hu\/hu_hu\/wp-json\/wp\/v2\/pages\/12708\/revisions"}],"predecessor-version":[{"id":13250,"href":"https:\/\/be-roll.hu\/hu_hu\/wp-json\/wp\/v2\/pages\/12708\/revisions\/13250"}],"wp:featuredmedia":[{"embeddable":true,"href":"https:\/\/be-roll.hu\/hu_hu\/wp-json\/wp\/v2\/media\/12726"}],"wp:attachment":[{"href":"https:\/\/be-roll.hu\/hu_hu\/wp-json\/wp\/v2\/media?parent=12708"}],"curies":[{"name":"wp","href":"https:\/\/api.w.org\/{rel}","templated":true}]}}