{"id":13036,"date":"2026-02-21T12:59:39","date_gmt":"2026-02-21T11:59:39","guid":{"rendered":"https:\/\/be-roll.hu\/?page_id=13036"},"modified":"2026-02-21T13:15:18","modified_gmt":"2026-02-21T12:15:18","slug":"elektromos-auto-beszerzese-a-be-roll-kft-nel","status":"publish","type":"page","link":"https:\/\/be-roll.hu\/hu_hu\/elektromos-auto-beszerzese-a-be-roll-kft-nel\/","title":{"rendered":"Elektromos aut\u00f3 beszerz\u00e9se a BE-ROLL Kft-n\u00e9l"},"content":{"rendered":"\t\t<div data-elementor-type=\"wp-page\" data-elementor-id=\"13036\" class=\"elementor elementor-13036\" data-elementor-post-type=\"page\">\n\t\t\t\t<div class=\"elementor-element elementor-element-8580966 e-flex e-con-boxed e-con e-parent\" data-id=\"8580966\" data-element_type=\"container\" data-e-type=\"container\">\n\t\t\t\t\t<div class=\"e-con-inner\">\n\t\t\t\t<div class=\"elementor-element elementor-element-fd60031 elementor-widget elementor-widget-text-editor\" data-id=\"fd60031\" data-element_type=\"widget\" data-e-type=\"widget\" data-widget_type=\"text-editor.default\">\n\t\t\t\t\t\t<div class=\"elementor-widget-container\">\n\t\t\t\t\t\t\t\t\t<p>RRF-REP-10.10.1-24-2025-05267<br \/><strong>Elektromos aut\u00f3 beszerz\u00e9se a BE-ROLL Kft-n\u00e9l<\/strong><\/p><p>Kedvezm\u00e9nyezett neve: Be-Roll Kft<br \/>Projektazonos\u00edt\u00f3: RRF-REP-10.10.1-24-2025-05267<br \/>A fejleszt\u00e9s t\u00e1rgya, c\u00e9lja: Elektromos aut\u00f3 beszerz\u00e9se a BE-ROLL Kft-n\u00e9l<br \/>A t\u00e1mogat\u00e1s \u00f6sszege: 3,6 M Ft<br \/>Projekt megkezd\u00e9se: 2025.02.01.<br \/>Projekt befejez\u00e9se: 2025.06.26.<br \/>Megval\u00f3s\u00edt\u00e1s helye: 3528 Miskolc, Lajos \u00c1rp\u00e1d utca 33.<\/p><p><br \/><strong>A projekt tartalm\u00e1nak r\u00e9szletes bemutat\u00e1sa:<\/strong><br \/>A projekt a K\u00f6z\u00fati elektromos j\u00e1rm\u0171 beszerz\u00e9s t\u00e1mogat\u00e1sa v\u00e1llalkoz\u00e1soknak c\u00edm\u0171 p\u00e1ly\u00e1zat, a Helyre\u00e1ll\u00edt\u00e1si \u00e9s Ellen\u00e1ll\u00f3k\u00e9pess\u00e9gi Terv keret\u00e9ben ker\u00fclt t\u00e1mogat\u00e1sra.<br \/>A Be-Roll Kft. \u00e1ltal megval\u00f3s\u00edtott projekt c\u00e9lja egy Citroen e-C5 elektromos g\u00e9pj\u00e1rm\u0171 beszerz\u00e9se volt, mely sikeresen megval\u00f3sult. A projekt a Helyre\u00e1ll\u00edt\u00e1si \u00e9s Ellen\u00e1ll\u00f3k\u00e9pess\u00e9gi Terv keret\u00e9ben val\u00f3sult meg.<br \/><br \/>A projekt \u00f6sszes k\u00f6lts\u00e9ge brutt\u00f3 11,5 milli\u00f3 forint, melyhez 39%, azaz 3,6 milli\u00f3 forint vissza nem t\u00e9r\u00edtend\u0151 t\u00e1mogat\u00e1st nyert el.<br \/>A beruh\u00e1z\u00e1snak k\u00f6sz\u00f6nhet\u0151en a projekt megval\u00f3s\u00edt\u00e1sa \u00e9s fenntart\u00e1sa alatt a c\u00e9g feladata az eredm\u00e9nyes m\u0171k\u00f6d\u00e9s fenntart\u00e1sa, a dolgoz\u00f3i l\u00e9tsz\u00e1m meg\u0151rz\u00e9se, n\u00f6vel\u00e9se.<br \/><br \/>Tov\u00e1bbi inform\u00e1ci\u00f3 k\u00e9rhet\u0151:<br \/>benkovics.roland@be-roll.hu<\/p>\t\t\t\t\t\t\t\t<\/div>\n\t\t\t\t<\/div>\n\t\t\t\t\t<\/div>\n\t\t\t\t<\/div>\n\t\t<div class=\"elementor-element elementor-element-665590a e-flex e-con-boxed e-con e-parent\" data-id=\"665590a\" data-element_type=\"container\" data-e-type=\"container\">\n\t\t\t\t\t<div class=\"e-con-inner\">\n\t\t\t\t<div class=\"elementor-element elementor-element-d6c0dc6 elementor-widget elementor-widget-spacer\" data-id=\"d6c0dc6\" data-element_type=\"widget\" data-e-type=\"widget\" data-widget_type=\"spacer.default\">\n\t\t\t\t\t\t<div class=\"elementor-widget-container\">\n\t\t\t\t\t\t\t<div class=\"elementor-spacer\">\n\t\t\t<div class=\"elementor-spacer-inner\"><\/div>\n\t\t<\/div>\n\t\t\t\t\t\t<\/div>\n\t\t\t\t<\/div>\n\t\t\t\t\t<\/div>\n\t\t\t\t<\/div>\n\t\t\t\t<\/div>\n\t\t","protected":false},"excerpt":{"rendered":"<p>RRF-REP-10.10.1-24-2025-05267Elektromos aut\u00f3 beszerz\u00e9se a BE-ROLL Kft-n\u00e9l Kedvezm\u00e9nyezett neve: Be-Roll KftProjektazonos\u00edt\u00f3: RRF-REP-10.10.1-24-2025-05267A fejleszt\u00e9s t\u00e1rgya, c\u00e9lja: Elektromos aut\u00f3 beszerz\u00e9se a BE-ROLL Kft-n\u00e9lA t\u00e1mogat\u00e1s \u00f6sszege: 3,6 M FtProjekt megkezd\u00e9se: 2025.02.01.Projekt befejez\u00e9se: 2025.06.26.Megval\u00f3s\u00edt\u00e1s helye: 3528 Miskolc, Lajos \u00c1rp\u00e1d utca 33. A projekt tartalm\u00e1nak r\u00e9szletes bemutat\u00e1sa:A projekt a K\u00f6z\u00fati elektromos j\u00e1rm\u0171 beszerz\u00e9s t\u00e1mogat\u00e1sa v\u00e1llalkoz\u00e1soknak c\u00edm\u0171 p\u00e1ly\u00e1zat, a Helyre\u00e1ll\u00edt\u00e1si \u00e9s Ellen\u00e1ll\u00f3k\u00e9pess\u00e9gi [&hellip;]<\/p>\n","protected":false},"author":1,"featured_media":13051,"parent":0,"menu_order":0,"comment_status":"closed","ping_status":"closed","template":"","meta":{"_seopress_robots_primary_cat":"","_seopress_titles_title":"P\u00e1ly\u00e1zat - Be-Roll Hostess \u00dcgyn\u00f6ks\u00e9g","_seopress_titles_desc":"Elektromos aut\u00f3 beszerz\u00e9se a BE-ROLL Kft-n\u00e9l","_seopress_robots_index":"","footnotes":""},"class_list":["post-13036","page","type-page","status-publish","has-post-thumbnail","hentry"],"_links":{"self":[{"href":"https:\/\/be-roll.hu\/hu_hu\/wp-json\/wp\/v2\/pages\/13036","targetHints":{"allow":["GET"]}}],"collection":[{"href":"https:\/\/be-roll.hu\/hu_hu\/wp-json\/wp\/v2\/pages"}],"about":[{"href":"https:\/\/be-roll.hu\/hu_hu\/wp-json\/wp\/v2\/types\/page"}],"author":[{"embeddable":true,"href":"https:\/\/be-roll.hu\/hu_hu\/wp-json\/wp\/v2\/users\/1"}],"replies":[{"embeddable":true,"href":"https:\/\/be-roll.hu\/hu_hu\/wp-json\/wp\/v2\/comments?post=13036"}],"version-history":[{"count":10,"href":"https:\/\/be-roll.hu\/hu_hu\/wp-json\/wp\/v2\/pages\/13036\/revisions"}],"predecessor-version":[{"id":13054,"href":"https:\/\/be-roll.hu\/hu_hu\/wp-json\/wp\/v2\/pages\/13036\/revisions\/13054"}],"wp:featuredmedia":[{"embeddable":true,"href":"https:\/\/be-roll.hu\/hu_hu\/wp-json\/wp\/v2\/media\/13051"}],"wp:attachment":[{"href":"https:\/\/be-roll.hu\/hu_hu\/wp-json\/wp\/v2\/media?parent=13036"}],"curies":[{"name":"wp","href":"https:\/\/api.w.org\/{rel}","templated":true}]}}